{"id":1265,"date":"2016-09-06T14:22:43","date_gmt":"2016-09-06T14:22:43","guid":{"rendered":"https:\/\/www.afprofilters.com\/?page_id=1265&#038;lang=de"},"modified":"2022-07-25T14:41:05","modified_gmt":"2022-07-25T14:41:05","slug":"eigenes-laboratorium","status":"publish","type":"page","link":"https:\/\/www.afprofilters.com\/de\/eigenes-laboratorium\/","title":{"rendered":"Eigenes Laboratorium"},"content":{"rendered":"<p>AFPRO Filters steht f\u00fcr Qualit\u00e4t, Nachhaltigkeit und Innovation. Um unseren Kunden diese wichtigen Grundwerte dauerhaft bieten zu k\u00f6nnen, stehen uns fortschrittliche Labore zur Verf\u00fcgung. Hier wird t\u00e4glich geforscht, um L\u00f6sungen f\u00fcr effizientere und nachhaltigere Luftfilter zu finden. AFPRO Filters pr\u00fcft alle Produkte nach dem ISO 9001-Qualit\u00e4tssicherungssystem. Die Grundstoffe, Halbfabrikate und Endprodukte werden anhand der Kriterien kontrolliert, die das Qualit\u00e4tssicherungssystem vorschreibt. Auf diese Weise wird die konstante Qualit\u00e4t der Produkte gew\u00e4hrleistet.<\/p>\n<h3>\nForschungs- Und entwicklungslabor<\/h3>\n<p>In unserem Forschungs- und Entwicklungslabor arbeiten Wissenschaftler an neuen Filtermedien und Filtrationstechniken. So werden beispielsweise hochwertige, unzerbrechliche Fasern untersucht, die mit Hilfe einer Multilayer-Technik progressiv aufgebaut werden. Diese Technik beg\u00fcnstigt die Nachhaltigkeit, da der Luftwiderstand und dadurch auch der Energieverbrauch solcher Filtermedien niedriger sind.<\/p>\n<p>AFPRO Filters ist nach dem sog. Certify-All-Programm von Eurovent zertifiziert. Das Eurovent-Pr\u00fcfsiegel ist eine Gew\u00e4hr f\u00fcr kontinuierliche Qualit\u00e4t. Der Mehrwert der Zertifizierung wird von unabh\u00e4ngigen Testlaboren in Schweden und Finnland garantiert. Dort werden Filter von allen Firmen, die die strengen Anforderungen von Eurovent erf\u00fcllen, regelm\u00e4\u00dfig in Blindstudien getestet.<\/p>\n<h3>\nAktivkohlelabor<\/h3>\n<p>Neben dem Forschungs- und Entwicklungslabor verf\u00fcgt AFPRO Filters auch \u00fcber ein Aktivkohlelabor. Aktivkohle wird zum Filtern von gasf\u00f6rmigen Partikeln verwendet. AFPRO Filters erforscht in diesem Labor nach den geltenden Aktivkohlenormen die Adsorptionskapazit\u00e4t von diversen Aktivkohlesorten und Aktivkohlefiltermedien. Hier k\u00f6nnen auch kundenspezifische Probeentnahmen durchgef\u00fchrt werden, um die Reststandzeit oder die Aufnahmekapazit\u00e4t eines Filters zu analysieren. Anhand dieser Analyse k\u00f6nnen dann Empfehlungen in Bezug auf die zu verwendenden Filter und die Auswirkungen auf die Luftqualit\u00e4t, den Energieverbrauch und die Kosten abgegeben werden.<\/p>\n<h3>\nAFPRO Filters services<\/h3>\n<p>Unser Labor ist auch ein Service- und Wissenszentrum f\u00fcr unsere Kunden. Es ist die Basis von AFPRO Filter Services. Hier erfahren Sie viel wissenswertes \u00fcber Luftfiltration, Filtermedien, Teststandards und Messtechniken. Dar\u00fcber hinaus verf\u00fcgt AFPRO Filters \u00fcber einen eigenen, nach ISO 16890 standardisierten Testkanal, in dem alle Produktgruppen gepr\u00fcft werden, um die hochwertige Qualit\u00e4t zu gew\u00e4hrleisten. Wir bieten unseren Kunden auch die M\u00f6glichkeit, Filter nach dem neuesten ISO 16890-Teststandard zu testen. Hier eine kurze \u00dcbersicht unserer Dienstleistungspalette:<\/p>\n<p><strong>Durchf\u00fchrung von Luftmessungen<\/strong><\/p>\n<p>Mit dem Know-how unserer Labore sind wir in der Lage vor-Ort Luftmessungen durchzuf\u00fchren. Dabei k\u00f6nnen wir Ihre gesamte Filteranlage anhand der geltenden Normen auswerten. Bei den Luftmessungen werden die folgenden Testmethoden angewendet:<\/p>\n<ul>\n<li>Eurovent 4\/10 \u2013 1996: Ermittlung der bauseitigen fraktionellen Effizienz von allgemeinen L\u00fcftungsfiltern.<br \/>\n\u2022 ISO\/CD 29462: Praxistests zur Partikelgr\u00f6\u00dfe und zum Luftwiderstand von allgemeinen L\u00fcftungsfilterger\u00e4ten und Systemen zur Steigerung des Wirkungsgrades der bauseitigen Filtration.<\/li>\n<\/ul>\n<p><strong>Untersuchung der Filterleistung<\/strong><\/p>\n<p>In unserem Labor k\u00f6nnen wir die Filterleistung Ihrer Gebrauchtfilter anhand von Kriterien der Norm ISO16890 (Druckdifferenz \u2013 Effizienz), Staubanalyse und Staubfangkapazit\u00e4t ermitteln. Anhand dieser Analyse erhalten Sie als Kunde eine fundierte Empfehlung bez\u00fcglich der Funktion Ihrer Filter.<\/p>\n<p><strong>Berechnung der tats\u00e4chlichen Kosten<\/strong><\/p>\n<p>Das Labor ber\u00e4t Kunden bei der bewussten Entscheidung f\u00fcr nachhaltige Filter nach dem Filter Durability Model (FDM). Anhand dieses Modells, das von AFPRO Filters selbst entwickelt wurde, k\u00f6nnen die tats\u00e4chlichen Kosten aufgezeigt werden die f\u00fcr die einzelnen Filter monatlich anfallen. Ausgangspunkt beim FDM sind dabei neueste Filterteststandards und die Energielabelrichtlinien von Eurovent. Nach Abschluss der Berechnungen kann AFPRO Filters genau angeben, welche Filter in Ihrer Situation am besten sind und welche L\u00f6sung bei Ihrem Filtersystem insgesamt am meisten Energie spart.<\/p>\n","protected":false},"excerpt":{"rendered":"<p>AFPRO Filters steht f\u00fcr Qualit\u00e4t, Nachhaltigkeit und Innovation. Um unseren Kunden diese wichtigen Grundwerte dauerhaft bieten zu k\u00f6nnen, stehen uns fortschrittliche Labore zur Verf\u00fcgung. Hier wird t\u00e4glich geforscht, um L\u00f6sungen f\u00fcr effizientere und nachhaltigere Luftfilter zu finden. AFPRO Filters pr\u00fcft alle Produkte nach dem ISO 9001-Qualit\u00e4tssicherungssystem. Die Grundstoffe, Halbfabrikate und Endprodukte werden anhand der Kriterien [&hellip;]<\/p>\n","protected":false},"author":2,"featured_media":29277,"parent":0,"menu_order":0,"comment_status":"closed","ping_status":"closed","template":"","meta":{"_acf_changed":false,"footnotes":""},"class_list":["post-1265","page","type-page","status-publish","has-post-thumbnail","hentry"],"acf":[],"yoast_head":"<!-- This site is optimized with the Yoast SEO plugin v27.3 - https:\/\/yoast.com\/product\/yoast-seo-wordpress\/ -->\n<title>Eigenes Laboratorium - AFPRO<\/title>\n<meta name=\"robots\" content=\"index, follow, max-snippet:-1, max-image-preview:large, max-video-preview:-1\" \/>\n<link rel=\"canonical\" href=\"https:\/\/www.afprofilters.com\/de\/eigenes-laboratorium\/\" \/>\n<meta property=\"og:locale\" content=\"de_DE\" \/>\n<meta property=\"og:type\" content=\"article\" \/>\n<meta property=\"og:title\" content=\"Eigenes Laboratorium - AFPRO\" \/>\n<meta property=\"og:description\" content=\"AFPRO Filters steht f\u00fcr Qualit\u00e4t, Nachhaltigkeit und Innovation. Um unseren Kunden diese wichtigen Grundwerte dauerhaft bieten zu k\u00f6nnen, stehen uns fortschrittliche Labore zur Verf\u00fcgung. Hier wird t\u00e4glich geforscht, um L\u00f6sungen f\u00fcr effizientere und nachhaltigere Luftfilter zu finden. AFPRO Filters pr\u00fcft alle Produkte nach dem ISO 9001-Qualit\u00e4tssicherungssystem. Die Grundstoffe, Halbfabrikate und Endprodukte werden anhand der Kriterien [&hellip;]\" \/>\n<meta property=\"og:url\" content=\"https:\/\/www.afprofilters.com\/de\/eigenes-laboratorium\/\" \/>\n<meta property=\"og:site_name\" content=\"AFPRO\" \/>\n<meta property=\"article:modified_time\" content=\"2022-07-25T14:41:05+00:00\" \/>\n<meta property=\"og:image\" content=\"http:\/\/www.afprofilters.com\/wp-content\/uploads\/2021\/11\/DSC5294.jpg\" \/>\n\t<meta property=\"og:image:width\" content=\"1819\" \/>\n\t<meta property=\"og:image:height\" content=\"1000\" \/>\n\t<meta property=\"og:image:type\" content=\"image\/jpeg\" \/>\n<meta name=\"twitter:card\" content=\"summary_large_image\" \/>\n<meta name=\"twitter:label1\" content=\"Gesch\u00e4tzte Lesezeit\" \/>\n\t<meta name=\"twitter:data1\" content=\"3 Minuten\" \/>\n<script type=\"application\/ld+json\" class=\"yoast-schema-graph\">{\"@context\":\"https:\\\/\\\/schema.org\",\"@graph\":[{\"@type\":\"WebPage\",\"@id\":\"https:\\\/\\\/www.afprofilters.com\\\/de\\\/eigenes-laboratorium\\\/\",\"url\":\"https:\\\/\\\/www.afprofilters.com\\\/de\\\/eigenes-laboratorium\\\/\",\"name\":\"Eigenes Laboratorium - AFPRO\",\"isPartOf\":{\"@id\":\"https:\\\/\\\/www.afprofilters.com\\\/de\\\/#website\"},\"primaryImageOfPage\":{\"@id\":\"https:\\\/\\\/www.afprofilters.com\\\/de\\\/eigenes-laboratorium\\\/#primaryimage\"},\"image\":{\"@id\":\"https:\\\/\\\/www.afprofilters.com\\\/de\\\/eigenes-laboratorium\\\/#primaryimage\"},\"thumbnailUrl\":\"https:\\\/\\\/www.afprofilters.com\\\/wp-content\\\/uploads\\\/2021\\\/11\\\/DSC5294.jpg\",\"datePublished\":\"2016-09-06T14:22:43+00:00\",\"dateModified\":\"2022-07-25T14:41:05+00:00\",\"breadcrumb\":{\"@id\":\"https:\\\/\\\/www.afprofilters.com\\\/de\\\/eigenes-laboratorium\\\/#breadcrumb\"},\"inLanguage\":\"de-DE\",\"potentialAction\":[{\"@type\":\"ReadAction\",\"target\":[\"https:\\\/\\\/www.afprofilters.com\\\/de\\\/eigenes-laboratorium\\\/\"]}]},{\"@type\":\"ImageObject\",\"inLanguage\":\"de-DE\",\"@id\":\"https:\\\/\\\/www.afprofilters.com\\\/de\\\/eigenes-laboratorium\\\/#primaryimage\",\"url\":\"https:\\\/\\\/www.afprofilters.com\\\/wp-content\\\/uploads\\\/2021\\\/11\\\/DSC5294.jpg\",\"contentUrl\":\"https:\\\/\\\/www.afprofilters.com\\\/wp-content\\\/uploads\\\/2021\\\/11\\\/DSC5294.jpg\",\"width\":1819,\"height\":1000},{\"@type\":\"BreadcrumbList\",\"@id\":\"https:\\\/\\\/www.afprofilters.com\\\/de\\\/eigenes-laboratorium\\\/#breadcrumb\",\"itemListElement\":[{\"@type\":\"ListItem\",\"position\":1,\"name\":\"\",\"item\":\"https:\\\/\\\/www.afprofilters.com\\\/de\\\/\"},{\"@type\":\"ListItem\",\"position\":2,\"name\":\"Eigenes Laboratorium\"}]},{\"@type\":\"WebSite\",\"@id\":\"https:\\\/\\\/www.afprofilters.com\\\/de\\\/#website\",\"url\":\"https:\\\/\\\/www.afprofilters.com\\\/de\\\/\",\"name\":\"AFPRO\",\"description\":\"AFPRO Filters\",\"publisher\":{\"@id\":\"https:\\\/\\\/www.afprofilters.com\\\/de\\\/#organization\"},\"potentialAction\":[{\"@type\":\"SearchAction\",\"target\":{\"@type\":\"EntryPoint\",\"urlTemplate\":\"https:\\\/\\\/www.afprofilters.com\\\/de\\\/?s={search_term_string}\"},\"query-input\":{\"@type\":\"PropertyValueSpecification\",\"valueRequired\":true,\"valueName\":\"search_term_string\"}}],\"inLanguage\":\"de-DE\"},{\"@type\":\"Organization\",\"@id\":\"https:\\\/\\\/www.afprofilters.com\\\/de\\\/#organization\",\"name\":\"AFPRO\",\"url\":\"https:\\\/\\\/www.afprofilters.com\\\/de\\\/\",\"logo\":{\"@type\":\"ImageObject\",\"inLanguage\":\"de-DE\",\"@id\":\"https:\\\/\\\/www.afprofilters.com\\\/de\\\/#\\\/schema\\\/logo\\\/image\\\/\",\"url\":\"https:\\\/\\\/www.afprofilters.com\\\/wp-content\\\/uploads\\\/2021\\\/05\\\/AFPRO-logo.png\",\"contentUrl\":\"https:\\\/\\\/www.afprofilters.com\\\/wp-content\\\/uploads\\\/2021\\\/05\\\/AFPRO-logo.png\",\"width\":640,\"height\":177,\"caption\":\"AFPRO\"},\"image\":{\"@id\":\"https:\\\/\\\/www.afprofilters.com\\\/de\\\/#\\\/schema\\\/logo\\\/image\\\/\"}}]}<\/script>\n<!-- \/ Yoast SEO plugin. -->","yoast_head_json":{"title":"Eigenes Laboratorium - AFPRO","robots":{"index":"index","follow":"follow","max-snippet":"max-snippet:-1","max-image-preview":"max-image-preview:large","max-video-preview":"max-video-preview:-1"},"canonical":"https:\/\/www.afprofilters.com\/de\/eigenes-laboratorium\/","og_locale":"de_DE","og_type":"article","og_title":"Eigenes Laboratorium - AFPRO","og_description":"AFPRO Filters steht f\u00fcr Qualit\u00e4t, Nachhaltigkeit und Innovation. Um unseren Kunden diese wichtigen Grundwerte dauerhaft bieten zu k\u00f6nnen, stehen uns fortschrittliche Labore zur Verf\u00fcgung. Hier wird t\u00e4glich geforscht, um L\u00f6sungen f\u00fcr effizientere und nachhaltigere Luftfilter zu finden. AFPRO Filters pr\u00fcft alle Produkte nach dem ISO 9001-Qualit\u00e4tssicherungssystem. Die Grundstoffe, Halbfabrikate und Endprodukte werden anhand der Kriterien [&hellip;]","og_url":"https:\/\/www.afprofilters.com\/de\/eigenes-laboratorium\/","og_site_name":"AFPRO","article_modified_time":"2022-07-25T14:41:05+00:00","og_image":[{"width":1819,"height":1000,"url":"http:\/\/www.afprofilters.com\/wp-content\/uploads\/2021\/11\/DSC5294.jpg","type":"image\/jpeg"}],"twitter_card":"summary_large_image","twitter_misc":{"Gesch\u00e4tzte Lesezeit":"3 Minuten"},"schema":{"@context":"https:\/\/schema.org","@graph":[{"@type":"WebPage","@id":"https:\/\/www.afprofilters.com\/de\/eigenes-laboratorium\/","url":"https:\/\/www.afprofilters.com\/de\/eigenes-laboratorium\/","name":"Eigenes Laboratorium - AFPRO","isPartOf":{"@id":"https:\/\/www.afprofilters.com\/de\/#website"},"primaryImageOfPage":{"@id":"https:\/\/www.afprofilters.com\/de\/eigenes-laboratorium\/#primaryimage"},"image":{"@id":"https:\/\/www.afprofilters.com\/de\/eigenes-laboratorium\/#primaryimage"},"thumbnailUrl":"https:\/\/www.afprofilters.com\/wp-content\/uploads\/2021\/11\/DSC5294.jpg","datePublished":"2016-09-06T14:22:43+00:00","dateModified":"2022-07-25T14:41:05+00:00","breadcrumb":{"@id":"https:\/\/www.afprofilters.com\/de\/eigenes-laboratorium\/#breadcrumb"},"inLanguage":"de-DE","potentialAction":[{"@type":"ReadAction","target":["https:\/\/www.afprofilters.com\/de\/eigenes-laboratorium\/"]}]},{"@type":"ImageObject","inLanguage":"de-DE","@id":"https:\/\/www.afprofilters.com\/de\/eigenes-laboratorium\/#primaryimage","url":"https:\/\/www.afprofilters.com\/wp-content\/uploads\/2021\/11\/DSC5294.jpg","contentUrl":"https:\/\/www.afprofilters.com\/wp-content\/uploads\/2021\/11\/DSC5294.jpg","width":1819,"height":1000},{"@type":"BreadcrumbList","@id":"https:\/\/www.afprofilters.com\/de\/eigenes-laboratorium\/#breadcrumb","itemListElement":[{"@type":"ListItem","position":1,"name":"","item":"https:\/\/www.afprofilters.com\/de\/"},{"@type":"ListItem","position":2,"name":"Eigenes Laboratorium"}]},{"@type":"WebSite","@id":"https:\/\/www.afprofilters.com\/de\/#website","url":"https:\/\/www.afprofilters.com\/de\/","name":"AFPRO","description":"AFPRO Filters","publisher":{"@id":"https:\/\/www.afprofilters.com\/de\/#organization"},"potentialAction":[{"@type":"SearchAction","target":{"@type":"EntryPoint","urlTemplate":"https:\/\/www.afprofilters.com\/de\/?s={search_term_string}"},"query-input":{"@type":"PropertyValueSpecification","valueRequired":true,"valueName":"search_term_string"}}],"inLanguage":"de-DE"},{"@type":"Organization","@id":"https:\/\/www.afprofilters.com\/de\/#organization","name":"AFPRO","url":"https:\/\/www.afprofilters.com\/de\/","logo":{"@type":"ImageObject","inLanguage":"de-DE","@id":"https:\/\/www.afprofilters.com\/de\/#\/schema\/logo\/image\/","url":"https:\/\/www.afprofilters.com\/wp-content\/uploads\/2021\/05\/AFPRO-logo.png","contentUrl":"https:\/\/www.afprofilters.com\/wp-content\/uploads\/2021\/05\/AFPRO-logo.png","width":640,"height":177,"caption":"AFPRO"},"image":{"@id":"https:\/\/www.afprofilters.com\/de\/#\/schema\/logo\/image\/"}}]}},"_links":{"self":[{"href":"https:\/\/www.afprofilters.com\/de\/wp-json\/wp\/v2\/pages\/1265","targetHints":{"allow":["GET"]}}],"collection":[{"href":"https:\/\/www.afprofilters.com\/de\/wp-json\/wp\/v2\/pages"}],"about":[{"href":"https:\/\/www.afprofilters.com\/de\/wp-json\/wp\/v2\/types\/page"}],"author":[{"embeddable":true,"href":"https:\/\/www.afprofilters.com\/de\/wp-json\/wp\/v2\/users\/2"}],"replies":[{"embeddable":true,"href":"https:\/\/www.afprofilters.com\/de\/wp-json\/wp\/v2\/comments?post=1265"}],"version-history":[{"count":0,"href":"https:\/\/www.afprofilters.com\/de\/wp-json\/wp\/v2\/pages\/1265\/revisions"}],"wp:featuredmedia":[{"embeddable":true,"href":"https:\/\/www.afprofilters.com\/de\/wp-json\/wp\/v2\/media\/29277"}],"wp:attachment":[{"href":"https:\/\/www.afprofilters.com\/de\/wp-json\/wp\/v2\/media?parent=1265"}],"curies":[{"name":"wp","href":"https:\/\/api.w.org\/{rel}","templated":true}]}}