{"id":1245,"date":"2016-09-06T14:16:50","date_gmt":"2016-09-06T14:16:50","guid":{"rendered":"https:\/\/www.afprofilters.com\/?page_id=1245&#038;lang=de"},"modified":"2022-07-26T14:24:28","modified_gmt":"2022-07-26T14:24:28","slug":"installations-und-wartungsrichtlinien","status":"publish","type":"page","link":"https:\/\/www.afprofilters.com\/de\/expertise\/installations-und-wartungsrichtlinien\/","title":{"rendered":"Installations- und Wartungsrichtlinien"},"content":{"rendered":"<p>Luftfilter sowie Absaug- und Auslasssysteme m\u00fcssen so konstruiert und installiert sein, dass regelm\u00e4\u00dfige Inspektions- und Wartungsarbeiten m\u00f6glich sind. Um eine optimale technische und hygienische Funktion zu gew\u00e4hrleisten, ist es ratsam, die Inspektionen von (internen oder externen) Fachkr\u00e4ften ausf\u00fchren zu lassen. Wenn Sie sich selbst um die Wartung und Inspektion k\u00fcmmern, sind die Normen\u00a0<a href=\"https:\/\/de.wikipedia.org\/wiki\/EN_13779\">EN 13779<\/a>,\u00a0<a href=\"https:\/\/de.wikipedia.org\/wiki\/VDI_6022\">VDI 6022-2 (2006)<\/a>\u00a0und VDI 3802(2002) zu ber\u00fccksichtigen.<\/p>\n<h3><strong><br \/>\nHierbei gelten die folgenden Hauptschwerpunkt<\/strong><\/h3>\n<div class=\"content\">\n<ul>\n<li>Die erste Filterstufe muss so dicht wie m\u00f6glich am Zulufttrakt oder der Mischkammer installiert sein. Bringen Sie bei sehr hoher Staubbelastung eine zus\u00e4tzliche Filterstufe im Ansaugkanal der Au\u00dfenluft an.<\/li>\n<li>Die zweite Filterstufe ist das letzte Element f\u00fcr die Luftaufbereitung. Wenn Sie Ventilatoren mit Riemenantrieb verwenden, muss die zweite Filterstufe auf jeden Fall installiert sein.<\/li>\n<li>Filterelemente m\u00fcssen von der Seite aus installiert und ausgetauscht werden, auf der die verschmutzte Luft eintritt.<\/li>\n<li>Eine luftundurchl\u00e4ssige Abdichtung muss gew\u00e4hrleistet sein, hierbei ist auch die Norm EN 1886 zu beachten. Verwenden Sie ausschlie\u00dflich Filterrahmen mit geschlossener Zellabdichtung.<\/li>\n<li>Der Luftstrom in Filtern muss gleichm\u00e4\u00dfig verlaufen, um Druckst\u00f6\u00dfe und Querstr\u00f6mungen zu vermeiden.<\/li>\n<li>Bei\u00a0<a href=\"https:\/\/www.afprofilters.de\/producktart\/taschenfilter\/\">Taschenfiltern<\/a>\u00a0m\u00fcssen die Filtertaschen senkrecht stehend installiert werden, um Verschmutzungen und Durchweichung auf dem Boden der Anlage zu vermeiden.<\/li>\n<li>Die Installation muss mit einem Differenzdruckmanometer mit Anzeige (kein Fl\u00fcssigkeitsmanometer) und einem Betriebsstundenz\u00e4hler ausger\u00fcstet sein.<\/li>\n<li>Verwenden Sie Vorrichtungen zur Kontrolle der relativen Feuchtigkeit (RF), um Durchweichungen und mikrobiologische Ablagerungen zu vermeiden. Auch f\u00fcr die zweite Stufe gilt als Richtlinie RF RV &lt; 90%.<\/li>\n<li>F\u00fcr W\u00e4rmer\u00e4der und R\u00fcckluftfilter muss dieselbe Filterklasse verwendet werden wie f\u00fcr die Zuluft.<\/li>\n<li>Der Endwiderstand des Filtertrakts muss anhand energetischer Faktoren (LCC und LCA) sowie der F\u00f6rderh\u00f6he des Ventilators ermittelt werden.<\/li>\n<li>Jeder Filtertrakt ist au\u00dfen deutlich mit den folgenden Angaben zu kennzeichnen:<br \/>\n\u2013 Luftvolumenstrom der Anlage (nicht der Filter)<br \/>\n\u2013 Anzahl der Filter<br \/>\n\u2013 Filterklasse<br \/>\n\u2013 Filterabmessungen<br \/>\n\u2013 empfohlener Endwiderstand der Filteranlage (nicht der Filter)<\/li>\n<\/ul>\n<\/div>\n<p><a href=\"https:\/\/www.afprofilters.de\/kontakt\/\">Kontakt<\/a><\/p>\n","protected":false},"excerpt":{"rendered":"<p>Luftfilter sowie Absaug- und Auslasssysteme m\u00fcssen so konstruiert und installiert sein, dass regelm\u00e4\u00dfige Inspektions- und Wartungsarbeiten m\u00f6glich sind. Um eine optimale technische und hygienische Funktion zu gew\u00e4hrleisten, ist es ratsam, die Inspektionen von (internen oder externen) Fachkr\u00e4ften ausf\u00fchren zu lassen. Wenn Sie sich selbst um die Wartung und Inspektion k\u00fcmmern, sind die Normen\u00a0EN 13779,\u00a0VDI 6022-2 [&hellip;]<\/p>\n","protected":false},"author":2,"featured_media":0,"parent":1303,"menu_order":0,"comment_status":"closed","ping_status":"closed","template":"","meta":{"_acf_changed":false,"footnotes":""},"class_list":["post-1245","page","type-page","status-publish","hentry"],"acf":[],"yoast_head":"<!-- This site is optimized with the Yoast SEO plugin v27.3 - https:\/\/yoast.com\/product\/yoast-seo-wordpress\/ -->\n<title>Installations- und Wartungsrichtlinien - AFPRO<\/title>\n<meta name=\"robots\" content=\"index, follow, max-snippet:-1, max-image-preview:large, max-video-preview:-1\" \/>\n<link rel=\"canonical\" href=\"https:\/\/www.afprofilters.com\/de\/expertise\/installations-und-wartungsrichtlinien\/\" \/>\n<meta property=\"og:locale\" content=\"de_DE\" \/>\n<meta property=\"og:type\" content=\"article\" \/>\n<meta property=\"og:title\" content=\"Installations- und Wartungsrichtlinien - AFPRO\" \/>\n<meta property=\"og:description\" content=\"Luftfilter sowie Absaug- und Auslasssysteme m\u00fcssen so konstruiert und installiert sein, dass regelm\u00e4\u00dfige Inspektions- und Wartungsarbeiten m\u00f6glich sind. Um eine optimale technische und hygienische Funktion zu gew\u00e4hrleisten, ist es ratsam, die Inspektionen von (internen oder externen) Fachkr\u00e4ften ausf\u00fchren zu lassen. Wenn Sie sich selbst um die Wartung und Inspektion k\u00fcmmern, sind die Normen\u00a0EN 13779,\u00a0VDI 6022-2 [&hellip;]\" \/>\n<meta property=\"og:url\" content=\"https:\/\/www.afprofilters.com\/de\/expertise\/installations-und-wartungsrichtlinien\/\" \/>\n<meta property=\"og:site_name\" content=\"AFPRO\" \/>\n<meta property=\"article:modified_time\" content=\"2022-07-26T14:24:28+00:00\" \/>\n<meta name=\"twitter:card\" content=\"summary_large_image\" \/>\n<meta name=\"twitter:label1\" content=\"Gesch\u00e4tzte Lesezeit\" \/>\n\t<meta name=\"twitter:data1\" content=\"2 Minuten\" \/>\n<script type=\"application\/ld+json\" class=\"yoast-schema-graph\">{\"@context\":\"https:\\\/\\\/schema.org\",\"@graph\":[{\"@type\":\"WebPage\",\"@id\":\"https:\\\/\\\/www.afprofilters.com\\\/de\\\/expertise\\\/installations-und-wartungsrichtlinien\\\/\",\"url\":\"https:\\\/\\\/www.afprofilters.com\\\/de\\\/expertise\\\/installations-und-wartungsrichtlinien\\\/\",\"name\":\"Installations- und Wartungsrichtlinien - AFPRO\",\"isPartOf\":{\"@id\":\"https:\\\/\\\/www.afprofilters.com\\\/de\\\/#website\"},\"datePublished\":\"2016-09-06T14:16:50+00:00\",\"dateModified\":\"2022-07-26T14:24:28+00:00\",\"breadcrumb\":{\"@id\":\"https:\\\/\\\/www.afprofilters.com\\\/de\\\/expertise\\\/installations-und-wartungsrichtlinien\\\/#breadcrumb\"},\"inLanguage\":\"de-DE\",\"potentialAction\":[{\"@type\":\"ReadAction\",\"target\":[\"https:\\\/\\\/www.afprofilters.com\\\/de\\\/expertise\\\/installations-und-wartungsrichtlinien\\\/\"]}]},{\"@type\":\"BreadcrumbList\",\"@id\":\"https:\\\/\\\/www.afprofilters.com\\\/de\\\/expertise\\\/installations-und-wartungsrichtlinien\\\/#breadcrumb\",\"itemListElement\":[{\"@type\":\"ListItem\",\"position\":1,\"name\":\"\",\"item\":\"https:\\\/\\\/www.afprofilters.com\\\/de\\\/\"},{\"@type\":\"ListItem\",\"position\":2,\"name\":\"Expertise\",\"item\":\"https:\\\/\\\/www.afprofilters.com\\\/de\\\/expertise\\\/\"},{\"@type\":\"ListItem\",\"position\":3,\"name\":\"Installations- und Wartungsrichtlinien\"}]},{\"@type\":\"WebSite\",\"@id\":\"https:\\\/\\\/www.afprofilters.com\\\/de\\\/#website\",\"url\":\"https:\\\/\\\/www.afprofilters.com\\\/de\\\/\",\"name\":\"AFPRO\",\"description\":\"AFPRO Filters\",\"publisher\":{\"@id\":\"https:\\\/\\\/www.afprofilters.com\\\/de\\\/#organization\"},\"potentialAction\":[{\"@type\":\"SearchAction\",\"target\":{\"@type\":\"EntryPoint\",\"urlTemplate\":\"https:\\\/\\\/www.afprofilters.com\\\/de\\\/?s={search_term_string}\"},\"query-input\":{\"@type\":\"PropertyValueSpecification\",\"valueRequired\":true,\"valueName\":\"search_term_string\"}}],\"inLanguage\":\"de-DE\"},{\"@type\":\"Organization\",\"@id\":\"https:\\\/\\\/www.afprofilters.com\\\/de\\\/#organization\",\"name\":\"AFPRO\",\"url\":\"https:\\\/\\\/www.afprofilters.com\\\/de\\\/\",\"logo\":{\"@type\":\"ImageObject\",\"inLanguage\":\"de-DE\",\"@id\":\"https:\\\/\\\/www.afprofilters.com\\\/de\\\/#\\\/schema\\\/logo\\\/image\\\/\",\"url\":\"https:\\\/\\\/www.afprofilters.com\\\/wp-content\\\/uploads\\\/2021\\\/05\\\/AFPRO-logo.png\",\"contentUrl\":\"https:\\\/\\\/www.afprofilters.com\\\/wp-content\\\/uploads\\\/2021\\\/05\\\/AFPRO-logo.png\",\"width\":640,\"height\":177,\"caption\":\"AFPRO\"},\"image\":{\"@id\":\"https:\\\/\\\/www.afprofilters.com\\\/de\\\/#\\\/schema\\\/logo\\\/image\\\/\"}}]}<\/script>\n<!-- \/ Yoast SEO plugin. -->","yoast_head_json":{"title":"Installations- und Wartungsrichtlinien - AFPRO","robots":{"index":"index","follow":"follow","max-snippet":"max-snippet:-1","max-image-preview":"max-image-preview:large","max-video-preview":"max-video-preview:-1"},"canonical":"https:\/\/www.afprofilters.com\/de\/expertise\/installations-und-wartungsrichtlinien\/","og_locale":"de_DE","og_type":"article","og_title":"Installations- und Wartungsrichtlinien - AFPRO","og_description":"Luftfilter sowie Absaug- und Auslasssysteme m\u00fcssen so konstruiert und installiert sein, dass regelm\u00e4\u00dfige Inspektions- und Wartungsarbeiten m\u00f6glich sind. Um eine optimale technische und hygienische Funktion zu gew\u00e4hrleisten, ist es ratsam, die Inspektionen von (internen oder externen) Fachkr\u00e4ften ausf\u00fchren zu lassen. Wenn Sie sich selbst um die Wartung und Inspektion k\u00fcmmern, sind die Normen\u00a0EN 13779,\u00a0VDI 6022-2 [&hellip;]","og_url":"https:\/\/www.afprofilters.com\/de\/expertise\/installations-und-wartungsrichtlinien\/","og_site_name":"AFPRO","article_modified_time":"2022-07-26T14:24:28+00:00","twitter_card":"summary_large_image","twitter_misc":{"Gesch\u00e4tzte Lesezeit":"2 Minuten"},"schema":{"@context":"https:\/\/schema.org","@graph":[{"@type":"WebPage","@id":"https:\/\/www.afprofilters.com\/de\/expertise\/installations-und-wartungsrichtlinien\/","url":"https:\/\/www.afprofilters.com\/de\/expertise\/installations-und-wartungsrichtlinien\/","name":"Installations- und Wartungsrichtlinien - AFPRO","isPartOf":{"@id":"https:\/\/www.afprofilters.com\/de\/#website"},"datePublished":"2016-09-06T14:16:50+00:00","dateModified":"2022-07-26T14:24:28+00:00","breadcrumb":{"@id":"https:\/\/www.afprofilters.com\/de\/expertise\/installations-und-wartungsrichtlinien\/#breadcrumb"},"inLanguage":"de-DE","potentialAction":[{"@type":"ReadAction","target":["https:\/\/www.afprofilters.com\/de\/expertise\/installations-und-wartungsrichtlinien\/"]}]},{"@type":"BreadcrumbList","@id":"https:\/\/www.afprofilters.com\/de\/expertise\/installations-und-wartungsrichtlinien\/#breadcrumb","itemListElement":[{"@type":"ListItem","position":1,"name":"","item":"https:\/\/www.afprofilters.com\/de\/"},{"@type":"ListItem","position":2,"name":"Expertise","item":"https:\/\/www.afprofilters.com\/de\/expertise\/"},{"@type":"ListItem","position":3,"name":"Installations- und Wartungsrichtlinien"}]},{"@type":"WebSite","@id":"https:\/\/www.afprofilters.com\/de\/#website","url":"https:\/\/www.afprofilters.com\/de\/","name":"AFPRO","description":"AFPRO Filters","publisher":{"@id":"https:\/\/www.afprofilters.com\/de\/#organization"},"potentialAction":[{"@type":"SearchAction","target":{"@type":"EntryPoint","urlTemplate":"https:\/\/www.afprofilters.com\/de\/?s={search_term_string}"},"query-input":{"@type":"PropertyValueSpecification","valueRequired":true,"valueName":"search_term_string"}}],"inLanguage":"de-DE"},{"@type":"Organization","@id":"https:\/\/www.afprofilters.com\/de\/#organization","name":"AFPRO","url":"https:\/\/www.afprofilters.com\/de\/","logo":{"@type":"ImageObject","inLanguage":"de-DE","@id":"https:\/\/www.afprofilters.com\/de\/#\/schema\/logo\/image\/","url":"https:\/\/www.afprofilters.com\/wp-content\/uploads\/2021\/05\/AFPRO-logo.png","contentUrl":"https:\/\/www.afprofilters.com\/wp-content\/uploads\/2021\/05\/AFPRO-logo.png","width":640,"height":177,"caption":"AFPRO"},"image":{"@id":"https:\/\/www.afprofilters.com\/de\/#\/schema\/logo\/image\/"}}]}},"_links":{"self":[{"href":"https:\/\/www.afprofilters.com\/de\/wp-json\/wp\/v2\/pages\/1245","targetHints":{"allow":["GET"]}}],"collection":[{"href":"https:\/\/www.afprofilters.com\/de\/wp-json\/wp\/v2\/pages"}],"about":[{"href":"https:\/\/www.afprofilters.com\/de\/wp-json\/wp\/v2\/types\/page"}],"author":[{"embeddable":true,"href":"https:\/\/www.afprofilters.com\/de\/wp-json\/wp\/v2\/users\/2"}],"replies":[{"embeddable":true,"href":"https:\/\/www.afprofilters.com\/de\/wp-json\/wp\/v2\/comments?post=1245"}],"version-history":[{"count":0,"href":"https:\/\/www.afprofilters.com\/de\/wp-json\/wp\/v2\/pages\/1245\/revisions"}],"up":[{"embeddable":true,"href":"https:\/\/www.afprofilters.com\/de\/wp-json\/wp\/v2\/pages\/1303"}],"wp:attachment":[{"href":"https:\/\/www.afprofilters.com\/de\/wp-json\/wp\/v2\/media?parent=1245"}],"curies":[{"name":"wp","href":"https:\/\/api.w.org\/{rel}","templated":true}]}}