{"id":1216,"date":"2016-09-06T13:40:40","date_gmt":"2016-09-06T13:40:40","guid":{"rendered":"https:\/\/www.afprofilters.com\/?page_id=1216&#038;lang=de"},"modified":"2024-07-29T08:03:54","modified_gmt":"2024-07-29T08:03:54","slug":"eurovent-zertifizierung","status":"publish","type":"page","link":"https:\/\/www.afprofilters.com\/de\/expertise\/eurovent-zertifizierung\/","title":{"rendered":"Eurovent-Zertifizierung"},"content":{"rendered":"<p>AFPRO Filters erf\u00fcllt die strengen Anforderungen der Eurovent-Zertifizierung. Eurovent hat als europ\u00e4ische Zertifizierungsorganisation f\u00fcr Klimatechnik gemeinsam mit diversen Luftfilterherstellern ein Zertifizierungsprogramm entwickelt, durch das die Konkurrenz in der Filterbranche in gute Bahnen geleitet werden soll. Die Vorteile dieses bedeutenden Pr\u00fcfsiegels liegen klar auf der Hand.<\/p>\n<div class=\"content\">\n<p>Die Eurovent-Zertifizierung ist Ihr Garant daf\u00fcr:<\/p>\n<p><img loading=\"lazy\" decoding=\"async\" class=\"alignnone wp-image-32723 \" src=\"http:\/\/www.afprofilters.com\/wp-content\/uploads\/2023\/03\/label-ECC-air-filters.png\" alt=\"eurovent\" width=\"413\" height=\"142\" srcset=\"https:\/\/www.afprofilters.com\/wp-content\/uploads\/2023\/03\/label-ECC-air-filters.png 1614w, https:\/\/www.afprofilters.com\/wp-content\/uploads\/2023\/03\/label-ECC-air-filters-300x103.png 300w, https:\/\/www.afprofilters.com\/wp-content\/uploads\/2023\/03\/label-ECC-air-filters-1024x352.png 1024w, https:\/\/www.afprofilters.com\/wp-content\/uploads\/2023\/03\/label-ECC-air-filters-768x264.png 768w, https:\/\/www.afprofilters.com\/wp-content\/uploads\/2023\/03\/label-ECC-air-filters-1536x528.png 1536w\" sizes=\"auto, (max-width: 413px) 100vw, 413px\" \/><\/p>\n<\/div>\n<div class=\"content\">\n<p>\u2022 dass Ihre Luftfilter von unabh\u00e4ngigen Laboren getestet wurden<br \/>\u2022 dass die Filter den Entwurfsspezifikationen entsprechen<br \/>\u2022 dass der Energieverbrauch der von Ihnen gekauften Filter den Zusagen des Herstellers entspricht<\/p>\n<p>A\u00dferdem gew\u00e4hrleistet die Eurovent-Zertifizierung, dass unsere gesamte Dokumentation zu den gelieferten Filtern dem europ\u00e4ischen Standard entspricht, beispielsweise die Produktinformationen in dem vorliegenden Katalog, auf unserer Website und in den Betriebsanleitungen. Kurz und gut, das Eurovent-Pr\u00fcfsiegel ist f\u00fcr Sie ein Garant f\u00fcr sichere Luftfilter mit ausgezeichneter Leistung. Die Eurovent-Zertifizierung gilt f\u00fcr unser gesamtes Angebot an Taschenfilter, Kompaktfiltern und Filterzellen, die nach <a href=\"https:\/\/www.afprofilters.de\/iso-16890-norm-replacing-en779-iso16890\/\">ISO16890 <\/a>getestet wurden.<\/p>\n<\/div>\n<div class=\"content\">\n<h3><strong><br \/>Ziel der Zertifizierung<\/strong><\/h3>\n<p>Das Ziel des Eurovent-Zertifizierungsprogramms besteht darin, Luftfilter anhand einer gleichwertigen Zusammenstellung von Beurteilungskriterien vergleichen zu k\u00f6nnen. Durch die Publikation der technischen Daten zertifizierter Filter wird diese Aufgabe f\u00fcr die Kunden einfacher, da sie f\u00fcr die Produkte, die sie zu kaufen beabsichtigen, keine umfassenden Vergleichs- und Leistungsmessungen mehr anzustellen brauchen. Ihnen als Kunde stehen bei AFPRO Filters Produkte zur Auswahl, f\u00fcr die wir die Gew\u00e4hr bieten, dass sie in jeder Hinsicht die Spezifikationen und Anforderungen von Eurovent entsprechen.<\/p>\n<\/p>\n<p><strong>Unabh\u00e4ngige Testlabore<\/strong><\/p>\n<p>Filter mit der Eurovent-Zertifizierung wurden in zwei unabh\u00e4ngigen Laboren getestet, und zwar bei SP in Boras (Schweden) und bei VTT in Espoo (Finnland). Diese sind die einzigen Labore in Europa, die nach ISO 17025 akkreditiert sind und somit auch die Einzigen, die der Norm entsprechen. Im \u00dcbrigen werden die Tests \u2018blind\u2019 durchgef\u00fchrt, d.h. keiner der Laboranten erf\u00e4hrt, von welchem Filterhersteller die Testprodukte stammen. Die Filter werden von Eurovent nur nummeriert und nicht namentlich gekennzeichnet.<\/p>\n<\/p>\n<p><strong>Das Eurovent-Logo<\/strong><\/p>\n<p>Dieses Logo bietet Ihnen die Gew\u00e4hr, dass Ihre Produkte einem unabh\u00e4ngigen Testverfahren unterzogen und genau gepr\u00fcft werden. Kunden von Filterherstellern, die dieses Logo f\u00fchren d\u00fcrfen, brauchen sich \u00fcber die Qualit\u00e4t ihrer Produkte keine Sorgen zu machen, da diese genau gepr\u00fcft wurden. Um die Qualit\u00e4t kontinuierlich zu gew\u00e4hrleisten, w\u00e4hlt Eurovent jedes Jahr eine Anzahl beliebiger Filter aus, die der Pr\u00fcfung unterzogen werden.<\/p>\n<\/p>\n<p><strong>Weitere Infos<\/strong><\/p>\n<p>Die nach ISO 16890&nbsp;gepr\u00fcfte Feinfilterreihe wurde unter der Nummer 09.10.433 zertifiziert und ist in der \u00dcbersicht zertifizierter Feinfilter auf der Zertifizierungswebsite von Eurovent <a href=\"https:\/\/www.eurovent-certification.com\/en\">www.eurovent\u2013certification.com<\/a>&nbsp; zu finden. Dort sind auch weitere Informationen zu dem kompletten Zertifizierungsprogramm und dem Zertifizierungsverfahren zu finden, das AFPRO Filters absolviert hat.<\/p>\n<\/div>\n\n\n<figure class=\"wp-block-image size-full is-resized\"><img loading=\"lazy\" decoding=\"async\" width=\"1810\" height=\"2560\" src=\"http:\/\/www.afprofilters.com\/wp-content\/uploads\/2024\/07\/Eurovent-Certification-Diploma_AFPRO-2024-2025_valid-till-31-08-2025-scaled.jpg\" alt=\"Eurovent\" class=\"wp-image-37012\" style=\"width:708px;height:auto\" srcset=\"https:\/\/www.afprofilters.com\/wp-content\/uploads\/2024\/07\/Eurovent-Certification-Diploma_AFPRO-2024-2025_valid-till-31-08-2025-scaled.jpg 1810w, https:\/\/www.afprofilters.com\/wp-content\/uploads\/2024\/07\/Eurovent-Certification-Diploma_AFPRO-2024-2025_valid-till-31-08-2025-212x300.jpg 212w, https:\/\/www.afprofilters.com\/wp-content\/uploads\/2024\/07\/Eurovent-Certification-Diploma_AFPRO-2024-2025_valid-till-31-08-2025-724x1024.jpg 724w, https:\/\/www.afprofilters.com\/wp-content\/uploads\/2024\/07\/Eurovent-Certification-Diploma_AFPRO-2024-2025_valid-till-31-08-2025-768x1086.jpg 768w, https:\/\/www.afprofilters.com\/wp-content\/uploads\/2024\/07\/Eurovent-Certification-Diploma_AFPRO-2024-2025_valid-till-31-08-2025-1086x1536.jpg 1086w, https:\/\/www.afprofilters.com\/wp-content\/uploads\/2024\/07\/Eurovent-Certification-Diploma_AFPRO-2024-2025_valid-till-31-08-2025-1448x2048.jpg 1448w\" sizes=\"auto, (max-width: 1810px) 100vw, 1810px\" \/><\/figure>\n\n\n\n<p><br><a href=\"https:\/\/www.afprofilters.de\/kontakt\/\">Kontakt<\/a><\/p>\n","protected":false},"excerpt":{"rendered":"<p>AFPRO Filters erf\u00fcllt die strengen Anforderungen der Eurovent-Zertifizierung. Eurovent hat als europ\u00e4ische Zertifizierungsorganisation f\u00fcr Klimatechnik gemeinsam mit diversen Luftfilterherstellern ein Zertifizierungsprogramm entwickelt, durch das die Konkurrenz in der Filterbranche in gute Bahnen geleitet werden soll. Die Vorteile dieses bedeutenden Pr\u00fcfsiegels liegen klar auf der Hand. Die Eurovent-Zertifizierung ist Ihr Garant daf\u00fcr: \u2022 dass Ihre Luftfilter [&hellip;]<\/p>\n","protected":false},"author":2,"featured_media":0,"parent":1303,"menu_order":0,"comment_status":"closed","ping_status":"closed","template":"","meta":{"_acf_changed":false,"footnotes":""},"class_list":["post-1216","page","type-page","status-publish","hentry"],"acf":[],"yoast_head":"<!-- This site is optimized with the Yoast SEO plugin v27.3 - https:\/\/yoast.com\/product\/yoast-seo-wordpress\/ -->\n<title>Eurovent-Zertifizierung - AFPRO<\/title>\n<meta name=\"robots\" content=\"index, follow, max-snippet:-1, max-image-preview:large, max-video-preview:-1\" \/>\n<link rel=\"canonical\" href=\"https:\/\/www.afprofilters.com\/de\/expertise\/eurovent-zertifizierung\/\" \/>\n<meta property=\"og:locale\" content=\"de_DE\" \/>\n<meta property=\"og:type\" content=\"article\" \/>\n<meta property=\"og:title\" content=\"Eurovent-Zertifizierung - AFPRO\" \/>\n<meta property=\"og:description\" content=\"AFPRO Filters erf\u00fcllt die strengen Anforderungen der Eurovent-Zertifizierung. Eurovent hat als europ\u00e4ische Zertifizierungsorganisation f\u00fcr Klimatechnik gemeinsam mit diversen Luftfilterherstellern ein Zertifizierungsprogramm entwickelt, durch das die Konkurrenz in der Filterbranche in gute Bahnen geleitet werden soll. Die Vorteile dieses bedeutenden Pr\u00fcfsiegels liegen klar auf der Hand. Die Eurovent-Zertifizierung ist Ihr Garant daf\u00fcr: \u2022 dass Ihre Luftfilter [&hellip;]\" \/>\n<meta property=\"og:url\" content=\"https:\/\/www.afprofilters.com\/de\/expertise\/eurovent-zertifizierung\/\" \/>\n<meta property=\"og:site_name\" content=\"AFPRO\" \/>\n<meta property=\"article:modified_time\" content=\"2024-07-29T08:03:54+00:00\" \/>\n<meta property=\"og:image\" content=\"http:\/\/www.afprofilters.com\/wp-content\/uploads\/2023\/03\/label-ECC-air-filters.png\" \/>\n<meta name=\"twitter:card\" content=\"summary_large_image\" \/>\n<meta name=\"twitter:label1\" content=\"Gesch\u00e4tzte Lesezeit\" \/>\n\t<meta name=\"twitter:data1\" content=\"3 Minuten\" \/>\n<script type=\"application\/ld+json\" class=\"yoast-schema-graph\">{\"@context\":\"https:\\\/\\\/schema.org\",\"@graph\":[{\"@type\":\"WebPage\",\"@id\":\"https:\\\/\\\/www.afprofilters.com\\\/de\\\/expertise\\\/eurovent-zertifizierung\\\/\",\"url\":\"https:\\\/\\\/www.afprofilters.com\\\/de\\\/expertise\\\/eurovent-zertifizierung\\\/\",\"name\":\"Eurovent-Zertifizierung - AFPRO\",\"isPartOf\":{\"@id\":\"https:\\\/\\\/www.afprofilters.com\\\/de\\\/#website\"},\"primaryImageOfPage\":{\"@id\":\"https:\\\/\\\/www.afprofilters.com\\\/de\\\/expertise\\\/eurovent-zertifizierung\\\/#primaryimage\"},\"image\":{\"@id\":\"https:\\\/\\\/www.afprofilters.com\\\/de\\\/expertise\\\/eurovent-zertifizierung\\\/#primaryimage\"},\"thumbnailUrl\":\"http:\\\/\\\/www.afprofilters.com\\\/wp-content\\\/uploads\\\/2023\\\/03\\\/label-ECC-air-filters.png\",\"datePublished\":\"2016-09-06T13:40:40+00:00\",\"dateModified\":\"2024-07-29T08:03:54+00:00\",\"breadcrumb\":{\"@id\":\"https:\\\/\\\/www.afprofilters.com\\\/de\\\/expertise\\\/eurovent-zertifizierung\\\/#breadcrumb\"},\"inLanguage\":\"de-DE\",\"potentialAction\":[{\"@type\":\"ReadAction\",\"target\":[\"https:\\\/\\\/www.afprofilters.com\\\/de\\\/expertise\\\/eurovent-zertifizierung\\\/\"]}]},{\"@type\":\"ImageObject\",\"inLanguage\":\"de-DE\",\"@id\":\"https:\\\/\\\/www.afprofilters.com\\\/de\\\/expertise\\\/eurovent-zertifizierung\\\/#primaryimage\",\"url\":\"http:\\\/\\\/www.afprofilters.com\\\/wp-content\\\/uploads\\\/2023\\\/03\\\/label-ECC-air-filters.png\",\"contentUrl\":\"http:\\\/\\\/www.afprofilters.com\\\/wp-content\\\/uploads\\\/2023\\\/03\\\/label-ECC-air-filters.png\"},{\"@type\":\"BreadcrumbList\",\"@id\":\"https:\\\/\\\/www.afprofilters.com\\\/de\\\/expertise\\\/eurovent-zertifizierung\\\/#breadcrumb\",\"itemListElement\":[{\"@type\":\"ListItem\",\"position\":1,\"name\":\"\",\"item\":\"https:\\\/\\\/www.afprofilters.com\\\/de\\\/\"},{\"@type\":\"ListItem\",\"position\":2,\"name\":\"Expertise\",\"item\":\"https:\\\/\\\/www.afprofilters.com\\\/de\\\/expertise\\\/\"},{\"@type\":\"ListItem\",\"position\":3,\"name\":\"Eurovent-Zertifizierung\"}]},{\"@type\":\"WebSite\",\"@id\":\"https:\\\/\\\/www.afprofilters.com\\\/de\\\/#website\",\"url\":\"https:\\\/\\\/www.afprofilters.com\\\/de\\\/\",\"name\":\"AFPRO\",\"description\":\"AFPRO Filters\",\"publisher\":{\"@id\":\"https:\\\/\\\/www.afprofilters.com\\\/de\\\/#organization\"},\"potentialAction\":[{\"@type\":\"SearchAction\",\"target\":{\"@type\":\"EntryPoint\",\"urlTemplate\":\"https:\\\/\\\/www.afprofilters.com\\\/de\\\/?s={search_term_string}\"},\"query-input\":{\"@type\":\"PropertyValueSpecification\",\"valueRequired\":true,\"valueName\":\"search_term_string\"}}],\"inLanguage\":\"de-DE\"},{\"@type\":\"Organization\",\"@id\":\"https:\\\/\\\/www.afprofilters.com\\\/de\\\/#organization\",\"name\":\"AFPRO\",\"url\":\"https:\\\/\\\/www.afprofilters.com\\\/de\\\/\",\"logo\":{\"@type\":\"ImageObject\",\"inLanguage\":\"de-DE\",\"@id\":\"https:\\\/\\\/www.afprofilters.com\\\/de\\\/#\\\/schema\\\/logo\\\/image\\\/\",\"url\":\"https:\\\/\\\/www.afprofilters.com\\\/wp-content\\\/uploads\\\/2021\\\/05\\\/AFPRO-logo.png\",\"contentUrl\":\"https:\\\/\\\/www.afprofilters.com\\\/wp-content\\\/uploads\\\/2021\\\/05\\\/AFPRO-logo.png\",\"width\":640,\"height\":177,\"caption\":\"AFPRO\"},\"image\":{\"@id\":\"https:\\\/\\\/www.afprofilters.com\\\/de\\\/#\\\/schema\\\/logo\\\/image\\\/\"}}]}<\/script>\n<!-- \/ Yoast SEO plugin. -->","yoast_head_json":{"title":"Eurovent-Zertifizierung - AFPRO","robots":{"index":"index","follow":"follow","max-snippet":"max-snippet:-1","max-image-preview":"max-image-preview:large","max-video-preview":"max-video-preview:-1"},"canonical":"https:\/\/www.afprofilters.com\/de\/expertise\/eurovent-zertifizierung\/","og_locale":"de_DE","og_type":"article","og_title":"Eurovent-Zertifizierung - AFPRO","og_description":"AFPRO Filters erf\u00fcllt die strengen Anforderungen der Eurovent-Zertifizierung. Eurovent hat als europ\u00e4ische Zertifizierungsorganisation f\u00fcr Klimatechnik gemeinsam mit diversen Luftfilterherstellern ein Zertifizierungsprogramm entwickelt, durch das die Konkurrenz in der Filterbranche in gute Bahnen geleitet werden soll. Die Vorteile dieses bedeutenden Pr\u00fcfsiegels liegen klar auf der Hand. Die Eurovent-Zertifizierung ist Ihr Garant daf\u00fcr: \u2022 dass Ihre Luftfilter [&hellip;]","og_url":"https:\/\/www.afprofilters.com\/de\/expertise\/eurovent-zertifizierung\/","og_site_name":"AFPRO","article_modified_time":"2024-07-29T08:03:54+00:00","og_image":[{"url":"http:\/\/www.afprofilters.com\/wp-content\/uploads\/2023\/03\/label-ECC-air-filters.png","type":"","width":"","height":""}],"twitter_card":"summary_large_image","twitter_misc":{"Gesch\u00e4tzte Lesezeit":"3 Minuten"},"schema":{"@context":"https:\/\/schema.org","@graph":[{"@type":"WebPage","@id":"https:\/\/www.afprofilters.com\/de\/expertise\/eurovent-zertifizierung\/","url":"https:\/\/www.afprofilters.com\/de\/expertise\/eurovent-zertifizierung\/","name":"Eurovent-Zertifizierung - AFPRO","isPartOf":{"@id":"https:\/\/www.afprofilters.com\/de\/#website"},"primaryImageOfPage":{"@id":"https:\/\/www.afprofilters.com\/de\/expertise\/eurovent-zertifizierung\/#primaryimage"},"image":{"@id":"https:\/\/www.afprofilters.com\/de\/expertise\/eurovent-zertifizierung\/#primaryimage"},"thumbnailUrl":"http:\/\/www.afprofilters.com\/wp-content\/uploads\/2023\/03\/label-ECC-air-filters.png","datePublished":"2016-09-06T13:40:40+00:00","dateModified":"2024-07-29T08:03:54+00:00","breadcrumb":{"@id":"https:\/\/www.afprofilters.com\/de\/expertise\/eurovent-zertifizierung\/#breadcrumb"},"inLanguage":"de-DE","potentialAction":[{"@type":"ReadAction","target":["https:\/\/www.afprofilters.com\/de\/expertise\/eurovent-zertifizierung\/"]}]},{"@type":"ImageObject","inLanguage":"de-DE","@id":"https:\/\/www.afprofilters.com\/de\/expertise\/eurovent-zertifizierung\/#primaryimage","url":"http:\/\/www.afprofilters.com\/wp-content\/uploads\/2023\/03\/label-ECC-air-filters.png","contentUrl":"http:\/\/www.afprofilters.com\/wp-content\/uploads\/2023\/03\/label-ECC-air-filters.png"},{"@type":"BreadcrumbList","@id":"https:\/\/www.afprofilters.com\/de\/expertise\/eurovent-zertifizierung\/#breadcrumb","itemListElement":[{"@type":"ListItem","position":1,"name":"","item":"https:\/\/www.afprofilters.com\/de\/"},{"@type":"ListItem","position":2,"name":"Expertise","item":"https:\/\/www.afprofilters.com\/de\/expertise\/"},{"@type":"ListItem","position":3,"name":"Eurovent-Zertifizierung"}]},{"@type":"WebSite","@id":"https:\/\/www.afprofilters.com\/de\/#website","url":"https:\/\/www.afprofilters.com\/de\/","name":"AFPRO","description":"AFPRO Filters","publisher":{"@id":"https:\/\/www.afprofilters.com\/de\/#organization"},"potentialAction":[{"@type":"SearchAction","target":{"@type":"EntryPoint","urlTemplate":"https:\/\/www.afprofilters.com\/de\/?s={search_term_string}"},"query-input":{"@type":"PropertyValueSpecification","valueRequired":true,"valueName":"search_term_string"}}],"inLanguage":"de-DE"},{"@type":"Organization","@id":"https:\/\/www.afprofilters.com\/de\/#organization","name":"AFPRO","url":"https:\/\/www.afprofilters.com\/de\/","logo":{"@type":"ImageObject","inLanguage":"de-DE","@id":"https:\/\/www.afprofilters.com\/de\/#\/schema\/logo\/image\/","url":"https:\/\/www.afprofilters.com\/wp-content\/uploads\/2021\/05\/AFPRO-logo.png","contentUrl":"https:\/\/www.afprofilters.com\/wp-content\/uploads\/2021\/05\/AFPRO-logo.png","width":640,"height":177,"caption":"AFPRO"},"image":{"@id":"https:\/\/www.afprofilters.com\/de\/#\/schema\/logo\/image\/"}}]}},"_links":{"self":[{"href":"https:\/\/www.afprofilters.com\/de\/wp-json\/wp\/v2\/pages\/1216","targetHints":{"allow":["GET"]}}],"collection":[{"href":"https:\/\/www.afprofilters.com\/de\/wp-json\/wp\/v2\/pages"}],"about":[{"href":"https:\/\/www.afprofilters.com\/de\/wp-json\/wp\/v2\/types\/page"}],"author":[{"embeddable":true,"href":"https:\/\/www.afprofilters.com\/de\/wp-json\/wp\/v2\/users\/2"}],"replies":[{"embeddable":true,"href":"https:\/\/www.afprofilters.com\/de\/wp-json\/wp\/v2\/comments?post=1216"}],"version-history":[{"count":0,"href":"https:\/\/www.afprofilters.com\/de\/wp-json\/wp\/v2\/pages\/1216\/revisions"}],"up":[{"embeddable":true,"href":"https:\/\/www.afprofilters.com\/de\/wp-json\/wp\/v2\/pages\/1303"}],"wp:attachment":[{"href":"https:\/\/www.afprofilters.com\/de\/wp-json\/wp\/v2\/media?parent=1216"}],"curies":[{"name":"wp","href":"https:\/\/api.w.org\/{rel}","templated":true}]}}