{"id":1203,"date":"2016-09-06T13:26:03","date_gmt":"2016-09-06T13:26:03","guid":{"rendered":"https:\/\/www.afprofilters.com\/?page_id=1203&#038;lang=de"},"modified":"2022-07-26T14:27:27","modified_gmt":"2022-07-26T14:27:27","slug":"luftfiltration-ist-lebenswichtig","status":"publish","type":"page","link":"https:\/\/www.afprofilters.com\/de\/expertise\/luftfiltration-ist-lebenswichtig\/","title":{"rendered":"Luftfiltration ist lebenswichtig"},"content":{"rendered":"<p><strong>Unsere Luft besteht zu 78% aus Stickstoff, zu 21% aus Sauerstoff und zu 1% aus verschiedenen Gasen und Partikeln. Der\u00a0zuletzt genannte Anteil\u00a0umfasst\u00a0Edelgase, Kohlendioxid, Feinstaub, Salze und Abgase aus\u00a0Verkehr und\u00a0Industrie. Obwohl ein Prozent wenig erscheint, ist dieser Anteil ausschlaggebend, ob die Luftqualit\u00e4t als gesund oder ungesund bezeichnet werden kann.<\/strong><\/p>\n<p>Die Funktion eines Filters mag in der Theorie einfach erscheinen,\u00a0in der Praxis jedoch handelt es sich um recht\u00a0kompliziertes Produkt. Die Filterfasern m\u00fcssen sch\u00e4dliche Stoffe aus der Luft abfangen &#8211; ohne die Luft dabei zu viel Widerstand zu bieten. Darin besteht die St\u00e4rke eines guten Filters.<\/p>\n<div class=\"content\"><\/div>\n<p><iframe loading=\"lazy\" title=\"AFPRO Filters -  The vital importance of PM1 Filtration and a PM1 Filter according ISO16890\" width=\"500\" height=\"281\" src=\"https:\/\/www.youtube.com\/embed\/dr3mJ6OY8i8?feature=oembed\" frameborder=\"0\" allow=\"accelerometer; autoplay; clipboard-write; encrypted-media; gyroscope; picture-in-picture; web-share\" referrerpolicy=\"strict-origin-when-cross-origin\" allowfullscreen><\/iframe><\/p>\n<h3 class=\"content\"><strong><br \/>\nLuft Filter sch\u00fc<\/strong><strong>tzen den Menschen<\/strong><\/h3>\n<div class=\"content\">Jeder erwachsene Mensch atmet pro\u00a0Tag ungef\u00e4hr\u00a020.000 Liter Luft ein und wieder\u00a0aus, das entspricht einer Masse von circa\u00a020kg;\u00a0eine beeindruckende Menge,\u00a0wenn man bedenkt dass der Mensch t\u00e4glich &#8222;nur&#8220; ungef\u00e4hr 2,5kg Fl\u00fcssigkeiten und 1,5kg\u00a0Nahrung\u00a0zu sich nimmt.Wir achten zunehmend\u00a0darauf, was wir essen und trinken.\u00a0Auch die Beh\u00f6rden geben immer\u00a0wieder Ern\u00e4hrungsempfehlungen. Insofern ist es nachvollziehbar,\u00a0der Qualit\u00e4t der Luft, die wir atmen, mehr Aufmerksamkeit zu schenken.Auf welche Weise beeinflussen in der Luft enthaltene Stoffe unsere Leistung und unsere Gesundheit? Und was k\u00f6nnen wir f\u00fcr eine optimale\u00a0Luftqualit\u00e4t tun?<\/div>\n<div class=\"content\">\n<h3><strong><br \/>\nFeinstaub schadet der Gesundheit<\/strong><\/h3>\n<p>In den letzten Jahren wird den Gefahren von Feinstaub immer gr\u00f6\u03b2ere Aufmerksamkeit entgegengebracht. Es geht um die Luftverschmutzung in Form von Partikeln, die kleiner als 10 Mikron sind. Hohes Verkehrsaufkommen, die Industrie, Verbrennungsmotoren und die Bio-Industrie sind ma\u00dfgebliche Feinstaubquellen. Der menschliche K\u00f6rper ist auf die Verarbeitung von Feinstaub schlecht eingestellt. Bei\u00a0Partikeln\u00a0gr\u00f6\u03b2er als 5 Mikron\u00a0fungieren die Nase und die Luftr\u00f6hre noch als nat\u00fcrliche Filter. Kleinere Partikel dringen jedoch tief in die Lunge ein und k\u00f6nnen erhebliche Gesundheitssch\u00e4den verursachen. Insbesondere Kinder, \u00e4ltere Menschen und Menschen mit Atemwegsproblemen sind hierf\u00fcr anf\u00e4llig.<\/p>\n<\/div>\n<h3 class=\"content\"><strong><br \/>\nDas Sick-Building-Syndrom als Problemquelle<\/strong><\/h3>\n<p class=\"content\">In der westlichen Welt verbringen die Menschen rund 70% ihrer Zeit in geschlossenen R\u00e4umen. Zahlreiche gesundheitliche Probleme h\u00e4ngen deshalb auch mit den dort herrschenden Bedingungen zusammen. Auch am Arbeitsplatz l\u00e4sst die Luftqualit\u00e4t h\u00e4ufig zu w\u00fcnschen \u00fcbrig, was unter anderem das so genannte <em>Sick-Building-Syndrom<\/em> (SBS) verursachen kann. SBS ist in nahezu Dreiviertel der F\u00e4lle auf Staubpartikel in Geb\u00e4uden zur\u00fcckzuf\u00fchren. Bekannte Symptome von SBS sind Lustlosigkeit, Konzentrations- und Atemwegsprobleme, Kopfschmerzen, Benommenheit, Hautirritationen, Augenreizungen und M\u00fcdigkeit. Eine gute Luftfiltration ist eine relativ einfache M\u00f6glichkeit, um SBS zur\u00fcckzudr\u00e4ngen und die Menschen vor den damit verbundenen Folgen zu sch\u00fctzen. Durch eine Auswahl passender Produkte ist AFPRO Filters in der Lage, die Luftqualit\u00e4t zu gew\u00e4hrleisten. Unsere Verkaufsmitarbeiter sind darauf geschult, f\u00fcr jede spezifische Situation eine passende L\u00f6sung zu finden und so f\u00fcr ein gesundes Innen- oder Au\u00dfenklima zu sorgen. Diese Anwendungen sind h\u00e4ufig in Gewerbegeb\u00e4uden, Hotels und Konferenzzentren zu finden.<\/p>\n<div class=\"content\">\n<h3><strong><br \/>\nFilter sch\u00fctzen Ihre Betriebsprozesse<\/strong><\/h3>\n<p>Au\u03b2er zum Schutz des Menschen k\u00f6nnen Filter auch zur Gew\u00e4hrleistung reibungsloser Betriebsprozesse eingesetzt werden. Abh\u00e4ngig vom jeweiligen Betriebsprozess werden an solche Filter verschiedene Anforderungen gestellt. AFPRO Filters kann f\u00fcr jeden Betriebsprozess den passenden Filter liefern. Viele unserer Produkte finden den Weg in die Nuklearindustrie, in Gasturbinen, in die Halbleiterindustrie und in die pharmazeutische Industrie.<\/p>\n<\/div>\n<div class=\"content\"><\/div>\n<div class=\"content\">\n<h2><strong>Nuklearindustrie<\/strong><\/h2>\n<p>Die Nuklearindustrie spielt bei der weltweiten Energieversorgung und im Milit\u00e4rsektor eine entscheidende Rolle. Luftfiltersysteme sind entscheidende Bauteile bei Nuklearanlagen, wie beispielsweise Kraftwerken, in Forschungseinrichtungen und im Abfallmanagement. Die nuklearen Luftfilter werden in Bezug auf die Anforderungen zur Minimierung radioaktiver Luftverschmutzung strengsten Umweltstandards gerecht.<\/p>\n<\/div>\n<div class=\"content\">\n<h3><strong><br \/>\nGasturbinen<\/strong><\/h3>\n<p>Die Hauptaufgabe eines Luftfiltereinlass-Systems besteht darin, die Gasturbine und andere rotierende Maschinen vor sch\u00e4dlichen Partikeln aus der Au\u03b2enluft zu sch\u00fctzen. Staubpartikel (&gt; 5\u03bcm) k\u00f6nnen Erosion verursachen. Feinstaubpartikel (im Submikron-Bereich) verschmutzen die Schaufeln der Turbine und beeintr\u00e4chtigen dadurch deren Leistung. F\u00fcr einen optimalen Wirkungsgrad ist ein ausgewogenes Filtersystem ein Muss.<\/p>\n<\/div>\n<div class=\"content\">\n<h3><strong><br \/>\nHalbleiterproduktion<\/strong><\/h3>\n<p>An die Halbleiterindustrie werden sehr hohe Anforderungen gestellt. Die Produkte, die h\u00e4ufig in Reinr\u00e4ume gefertigt werden, sind \u00e4u\u03b2erst st\u00f6ranf\u00e4llig. Die geringste Verschmutzung in der Luft &#8211; selbst durch mikroskopisch kleine Teilchen &#8211; erh\u00f6ht\u00a0die Ausschussrate. Vorfilter, Feinfilter und HEPA-Filter gew\u00e4hrleisten hier eine Luftqualit\u00e4t im Reinraum von h\u00f6chster Qualit\u00e4t.<\/p>\n<\/div>\n<div class=\"content\">\n<h3><strong><br \/>\nPharmazeutische Industrie<\/strong><\/h3>\n<\/div>\n<div class=\"content\">Eine schlechte Luftqualit\u00e4t in\u00a0Produktionsprozessen der Pharmaindustrie kann fatale Folgen haben. Kontaminierte Medikamente beeintr\u00e4chtigen die Heilwirkung oder heben diese ganz auf, so dass es unter Umst\u00e4nden zu lebensbedrohlichen Situationen kommen kann. Die Anwendung der besten Filter erm\u00f6glicht eine komplikationslose Produktion von Medikamenten in pharmazeutischen Unternehmen.<\/div>\n<p><a href=\"https:\/\/www.afprofilters.de\/kontakt\/\">Kontakt<\/a><\/p>\n","protected":false},"excerpt":{"rendered":"<p>Unsere Luft besteht zu 78% aus Stickstoff, zu 21% aus Sauerstoff und zu 1% aus verschiedenen Gasen und Partikeln. Der\u00a0zuletzt genannte Anteil\u00a0umfasst\u00a0Edelgase, Kohlendioxid, Feinstaub, Salze und Abgase aus\u00a0Verkehr und\u00a0Industrie. Obwohl ein Prozent wenig erscheint, ist dieser Anteil ausschlaggebend, ob die Luftqualit\u00e4t als gesund oder ungesund bezeichnet werden kann. Die Funktion eines Filters mag in der [&hellip;]<\/p>\n","protected":false},"author":2,"featured_media":0,"parent":1303,"menu_order":0,"comment_status":"closed","ping_status":"closed","template":"","meta":{"_acf_changed":false,"footnotes":""},"class_list":["post-1203","page","type-page","status-publish","hentry"],"acf":[],"yoast_head":"<!-- This site is optimized with the Yoast SEO plugin v27.3 - https:\/\/yoast.com\/product\/yoast-seo-wordpress\/ -->\n<title>Luftfiltration ist lebenswichtig - AFPRO<\/title>\n<meta name=\"robots\" content=\"index, follow, max-snippet:-1, max-image-preview:large, max-video-preview:-1\" \/>\n<link rel=\"canonical\" href=\"https:\/\/www.afprofilters.com\/de\/expertise\/luftfiltration-ist-lebenswichtig\/\" \/>\n<meta property=\"og:locale\" content=\"de_DE\" \/>\n<meta property=\"og:type\" content=\"article\" \/>\n<meta property=\"og:title\" content=\"Luftfiltration ist lebenswichtig - AFPRO\" \/>\n<meta property=\"og:description\" content=\"Unsere Luft besteht zu 78% aus Stickstoff, zu 21% aus Sauerstoff und zu 1% aus verschiedenen Gasen und Partikeln. Der\u00a0zuletzt genannte Anteil\u00a0umfasst\u00a0Edelgase, Kohlendioxid, Feinstaub, Salze und Abgase aus\u00a0Verkehr und\u00a0Industrie. Obwohl ein Prozent wenig erscheint, ist dieser Anteil ausschlaggebend, ob die Luftqualit\u00e4t als gesund oder ungesund bezeichnet werden kann. Die Funktion eines Filters mag in der [&hellip;]\" \/>\n<meta property=\"og:url\" content=\"https:\/\/www.afprofilters.com\/de\/expertise\/luftfiltration-ist-lebenswichtig\/\" \/>\n<meta property=\"og:site_name\" content=\"AFPRO\" \/>\n<meta property=\"article:modified_time\" content=\"2022-07-26T14:27:27+00:00\" \/>\n<meta name=\"twitter:card\" content=\"summary_large_image\" \/>\n<meta name=\"twitter:label1\" content=\"Gesch\u00e4tzte Lesezeit\" \/>\n\t<meta name=\"twitter:data1\" content=\"4 Minuten\" \/>\n<script type=\"application\/ld+json\" class=\"yoast-schema-graph\">{\"@context\":\"https:\\\/\\\/schema.org\",\"@graph\":[{\"@type\":\"WebPage\",\"@id\":\"https:\\\/\\\/www.afprofilters.com\\\/de\\\/expertise\\\/luftfiltration-ist-lebenswichtig\\\/\",\"url\":\"https:\\\/\\\/www.afprofilters.com\\\/de\\\/expertise\\\/luftfiltration-ist-lebenswichtig\\\/\",\"name\":\"Luftfiltration ist lebenswichtig - AFPRO\",\"isPartOf\":{\"@id\":\"https:\\\/\\\/www.afprofilters.com\\\/de\\\/#website\"},\"datePublished\":\"2016-09-06T13:26:03+00:00\",\"dateModified\":\"2022-07-26T14:27:27+00:00\",\"breadcrumb\":{\"@id\":\"https:\\\/\\\/www.afprofilters.com\\\/de\\\/expertise\\\/luftfiltration-ist-lebenswichtig\\\/#breadcrumb\"},\"inLanguage\":\"de-DE\",\"potentialAction\":[{\"@type\":\"ReadAction\",\"target\":[\"https:\\\/\\\/www.afprofilters.com\\\/de\\\/expertise\\\/luftfiltration-ist-lebenswichtig\\\/\"]}]},{\"@type\":\"BreadcrumbList\",\"@id\":\"https:\\\/\\\/www.afprofilters.com\\\/de\\\/expertise\\\/luftfiltration-ist-lebenswichtig\\\/#breadcrumb\",\"itemListElement\":[{\"@type\":\"ListItem\",\"position\":1,\"name\":\"\",\"item\":\"https:\\\/\\\/www.afprofilters.com\\\/de\\\/\"},{\"@type\":\"ListItem\",\"position\":2,\"name\":\"Expertise\",\"item\":\"https:\\\/\\\/www.afprofilters.com\\\/de\\\/expertise\\\/\"},{\"@type\":\"ListItem\",\"position\":3,\"name\":\"Luftfiltration ist lebenswichtig\"}]},{\"@type\":\"WebSite\",\"@id\":\"https:\\\/\\\/www.afprofilters.com\\\/de\\\/#website\",\"url\":\"https:\\\/\\\/www.afprofilters.com\\\/de\\\/\",\"name\":\"AFPRO\",\"description\":\"AFPRO Filters\",\"publisher\":{\"@id\":\"https:\\\/\\\/www.afprofilters.com\\\/de\\\/#organization\"},\"potentialAction\":[{\"@type\":\"SearchAction\",\"target\":{\"@type\":\"EntryPoint\",\"urlTemplate\":\"https:\\\/\\\/www.afprofilters.com\\\/de\\\/?s={search_term_string}\"},\"query-input\":{\"@type\":\"PropertyValueSpecification\",\"valueRequired\":true,\"valueName\":\"search_term_string\"}}],\"inLanguage\":\"de-DE\"},{\"@type\":\"Organization\",\"@id\":\"https:\\\/\\\/www.afprofilters.com\\\/de\\\/#organization\",\"name\":\"AFPRO\",\"url\":\"https:\\\/\\\/www.afprofilters.com\\\/de\\\/\",\"logo\":{\"@type\":\"ImageObject\",\"inLanguage\":\"de-DE\",\"@id\":\"https:\\\/\\\/www.afprofilters.com\\\/de\\\/#\\\/schema\\\/logo\\\/image\\\/\",\"url\":\"https:\\\/\\\/www.afprofilters.com\\\/wp-content\\\/uploads\\\/2021\\\/05\\\/AFPRO-logo.png\",\"contentUrl\":\"https:\\\/\\\/www.afprofilters.com\\\/wp-content\\\/uploads\\\/2021\\\/05\\\/AFPRO-logo.png\",\"width\":640,\"height\":177,\"caption\":\"AFPRO\"},\"image\":{\"@id\":\"https:\\\/\\\/www.afprofilters.com\\\/de\\\/#\\\/schema\\\/logo\\\/image\\\/\"}}]}<\/script>\n<!-- \/ Yoast SEO plugin. -->","yoast_head_json":{"title":"Luftfiltration ist lebenswichtig - AFPRO","robots":{"index":"index","follow":"follow","max-snippet":"max-snippet:-1","max-image-preview":"max-image-preview:large","max-video-preview":"max-video-preview:-1"},"canonical":"https:\/\/www.afprofilters.com\/de\/expertise\/luftfiltration-ist-lebenswichtig\/","og_locale":"de_DE","og_type":"article","og_title":"Luftfiltration ist lebenswichtig - AFPRO","og_description":"Unsere Luft besteht zu 78% aus Stickstoff, zu 21% aus Sauerstoff und zu 1% aus verschiedenen Gasen und Partikeln. Der\u00a0zuletzt genannte Anteil\u00a0umfasst\u00a0Edelgase, Kohlendioxid, Feinstaub, Salze und Abgase aus\u00a0Verkehr und\u00a0Industrie. Obwohl ein Prozent wenig erscheint, ist dieser Anteil ausschlaggebend, ob die Luftqualit\u00e4t als gesund oder ungesund bezeichnet werden kann. Die Funktion eines Filters mag in der [&hellip;]","og_url":"https:\/\/www.afprofilters.com\/de\/expertise\/luftfiltration-ist-lebenswichtig\/","og_site_name":"AFPRO","article_modified_time":"2022-07-26T14:27:27+00:00","twitter_card":"summary_large_image","twitter_misc":{"Gesch\u00e4tzte Lesezeit":"4 Minuten"},"schema":{"@context":"https:\/\/schema.org","@graph":[{"@type":"WebPage","@id":"https:\/\/www.afprofilters.com\/de\/expertise\/luftfiltration-ist-lebenswichtig\/","url":"https:\/\/www.afprofilters.com\/de\/expertise\/luftfiltration-ist-lebenswichtig\/","name":"Luftfiltration ist lebenswichtig - AFPRO","isPartOf":{"@id":"https:\/\/www.afprofilters.com\/de\/#website"},"datePublished":"2016-09-06T13:26:03+00:00","dateModified":"2022-07-26T14:27:27+00:00","breadcrumb":{"@id":"https:\/\/www.afprofilters.com\/de\/expertise\/luftfiltration-ist-lebenswichtig\/#breadcrumb"},"inLanguage":"de-DE","potentialAction":[{"@type":"ReadAction","target":["https:\/\/www.afprofilters.com\/de\/expertise\/luftfiltration-ist-lebenswichtig\/"]}]},{"@type":"BreadcrumbList","@id":"https:\/\/www.afprofilters.com\/de\/expertise\/luftfiltration-ist-lebenswichtig\/#breadcrumb","itemListElement":[{"@type":"ListItem","position":1,"name":"","item":"https:\/\/www.afprofilters.com\/de\/"},{"@type":"ListItem","position":2,"name":"Expertise","item":"https:\/\/www.afprofilters.com\/de\/expertise\/"},{"@type":"ListItem","position":3,"name":"Luftfiltration ist lebenswichtig"}]},{"@type":"WebSite","@id":"https:\/\/www.afprofilters.com\/de\/#website","url":"https:\/\/www.afprofilters.com\/de\/","name":"AFPRO","description":"AFPRO Filters","publisher":{"@id":"https:\/\/www.afprofilters.com\/de\/#organization"},"potentialAction":[{"@type":"SearchAction","target":{"@type":"EntryPoint","urlTemplate":"https:\/\/www.afprofilters.com\/de\/?s={search_term_string}"},"query-input":{"@type":"PropertyValueSpecification","valueRequired":true,"valueName":"search_term_string"}}],"inLanguage":"de-DE"},{"@type":"Organization","@id":"https:\/\/www.afprofilters.com\/de\/#organization","name":"AFPRO","url":"https:\/\/www.afprofilters.com\/de\/","logo":{"@type":"ImageObject","inLanguage":"de-DE","@id":"https:\/\/www.afprofilters.com\/de\/#\/schema\/logo\/image\/","url":"https:\/\/www.afprofilters.com\/wp-content\/uploads\/2021\/05\/AFPRO-logo.png","contentUrl":"https:\/\/www.afprofilters.com\/wp-content\/uploads\/2021\/05\/AFPRO-logo.png","width":640,"height":177,"caption":"AFPRO"},"image":{"@id":"https:\/\/www.afprofilters.com\/de\/#\/schema\/logo\/image\/"}}]}},"_links":{"self":[{"href":"https:\/\/www.afprofilters.com\/de\/wp-json\/wp\/v2\/pages\/1203","targetHints":{"allow":["GET"]}}],"collection":[{"href":"https:\/\/www.afprofilters.com\/de\/wp-json\/wp\/v2\/pages"}],"about":[{"href":"https:\/\/www.afprofilters.com\/de\/wp-json\/wp\/v2\/types\/page"}],"author":[{"embeddable":true,"href":"https:\/\/www.afprofilters.com\/de\/wp-json\/wp\/v2\/users\/2"}],"replies":[{"embeddable":true,"href":"https:\/\/www.afprofilters.com\/de\/wp-json\/wp\/v2\/comments?post=1203"}],"version-history":[{"count":0,"href":"https:\/\/www.afprofilters.com\/de\/wp-json\/wp\/v2\/pages\/1203\/revisions"}],"up":[{"embeddable":true,"href":"https:\/\/www.afprofilters.com\/de\/wp-json\/wp\/v2\/pages\/1303"}],"wp:attachment":[{"href":"https:\/\/www.afprofilters.com\/de\/wp-json\/wp\/v2\/media?parent=1203"}],"curies":[{"name":"wp","href":"https:\/\/api.w.org\/{rel}","templated":true}]}}