{"id":1175,"date":"2016-09-06T13:03:23","date_gmt":"2016-09-06T13:03:23","guid":{"rendered":"https:\/\/www.afprofilters.com\/?page_id=1175&#038;lang=de"},"modified":"2025-03-10T11:15:56","modified_gmt":"2025-03-10T11:15:56","slug":"empfehlungen-und-tipps","status":"publish","type":"page","link":"https:\/\/www.afprofilters.com\/de\/tipps\/empfehlungen-und-tipps\/","title":{"rendered":"Empfehlungen und Tipps"},"content":{"rendered":"<h2>EN 13779: die Norm f\u00fcr ein komfortables Raumklima<\/h2>\n<p>Die europ\u00e4ische Norm EN 13779 ist eine Richtlinie f\u00fcr die Leistungsanforderungen an Raumluft. Die Norm verfolgt ein klares Ziel. Die Schaffung eines komfortablen, gesunden Raumklimas zu vertretbaren Installations- und Betriebskosten.Um eine gute Raumluftqualit\u00e4t (IDA) zu erreichen, gibt EN 13779 Filterleistungen vor, welche die Systeme erf\u00fcllen m\u00fcssen. Die Normierung ber\u00fccksichtigt dabei die Qualit\u00e4t der Au\u03b2enluft (ODA). Diese wird in drei Stufen eingeteilt, und zwar von ODA 1 \u2013 saubere Luft mit vor\u00fcbergehenden Verunreinigungen, wie etwa auf dem Land \u2013 bis ODA 3. Bei dieser Stufe enth\u00e4llt die Luft hohe Konzentrationen an Gasen und Feinstaub, wie man sie h\u00e4ufig in Industriest\u00e4dten antrifft. Unter Feinstaub ist nach EN 13779 die Gesamtanzahl an festen und fl\u00fcssigen Partikeln in der Au\u03b2enluft zu verstehen. Bei gasf\u00f6rmigen Verunreinigungen geht es um Konzentrationen an CO2, CO, NO2,\u00a0SO2 und fl\u00fcchtigen organischen Stoffen (FOS).<\/p>\n<h2>Empfehlungen und Tipps<\/h2>\n<p>In Tabelle 1 sind die Grenzwerte der einzelnen ODA-Kategorien aufgelistet. Durch Filtration soll ein bestimmtes Niveau an Raumluftqualit\u00e4t (IDA) erreicht werden. Die Raumluftqualit\u00e4t wird in vier Niveaus eingeteilt. IDA 1 ist dabei die sauberste Luft und IDA 4 ist die Stufe mit der meisten Verschmutzung. Tabelle 2 ist zu entnehmen, dass die IDA-Klassifizierung auf einer Kombination aus dem CO2-Niveau im Vergleich zur Au\u03b2enluft und dem Au\u03b2enluftvolumen, dass von der Anlage pro Stunde und pro Person in den Raum geleitet wird, beruht. In Tabelle 3 sind die Filterklassen aufgelistet (M5 bis einschlie\u03b2lich F9), die Sie nach EN 779:2002 ben\u00f6tigen, um ausgehend von der Qualit\u00e4t der Au\u03b2enluft die gew\u00fcnschte Innenluftqualit\u00e4t zu erreichen. GF bedeutet Gasfilter bzw. Aktivkohlefilter.<\/p>\n<h2><strong><em>Filterwirkungsgrad \/ Durchdringungungsfaktor<\/em><\/strong><\/h2>\n<p>Die Frage, welchen Filter Sie f\u00fcr die gew\u00fcnschte Effizienz ben\u00f6tigen, beantwortet Tabelle 4. Der Wirkungsgrad von Luftfiltern h\u00e4ngt von der gefilterten Feinstaubmenge ab. Unter (Submikron-) Feinstaub sind Partikel mit einer Gr\u00f6\u03b2e von 0,3 bis 1 Mikrometer zu verstehen. Das Ausma\u00df, in dem solche Partikel das Filtermedium durchdringen, nennt sich Durchdringungsfaktor. Dem Durchdringungsfaktor wird die Durchdringung der Filterklasse F9 zugrunde gelegt (Durchdringungsfaktor 1). Ein F7-Filter hat einen Durchdringungsgrad von 46%, w\u00e4hrend dieser bei einem M5-Filter 93% betragt.<\/p>\n<h2>Empfehlungen f\u00fcr den Austausch von Luftfiltern<\/h2>\n<p>Wenn es um den Austausch von Luftfiltern geht, spielt der wirtschaftliche Aspekt immer eine gro\u03b2ere Rolle. Es gibt mehrere Parameter, anhand derer man feststellen kann, ob ein Filter ausgetauscht werden muss. Zu ber\u00fccksichtigen sind beispielsweise der Enddruck (Energieverbrauch), die Hygiene (Bakterien- und Schimmelbefall) sowie die Anzahl der Betriebsstunden der Anlage. Tabelle 5 enthalt einen Vergleich des Anfangs- und des Endwiderstands bei den Filterklassen F5 bis F9. Ausgangspunkt dabei sind jeweils der gleiche Luftvolumenstrom und die gleiche Luftgeschwindigkeit. In Tabelle 6 ist die Frequenz dargestellt, in der die erste und die zweite Filterstufe sowie der Rezirkulationsfilter (Ruck- oder Abluft) ausgetauscht werden m\u00fcssen. Die Austauschfrequenz ist in Betriebsstunden und in Jahren angegeben. Zum Schutz von Abzugs- und Auslasssystemen ist f\u00fcr die Ruck- und Abluft mindestens Filterklasse M5 erforderlich. Verwenden Sie vorzugsweise die gleiche Filterklasse wie f\u00fcr die Zuluft.<\/p>\n","protected":false},"excerpt":{"rendered":"<p>EN 13779: die Norm f\u00fcr ein komfortables Raumklima Die europ\u00e4ische Norm EN 13779 ist eine Richtlinie f\u00fcr die Leistungsanforderungen an Raumluft. Die Norm verfolgt ein klares Ziel. Die Schaffung eines komfortablen, gesunden Raumklimas zu vertretbaren Installations- und Betriebskosten.Um eine gute Raumluftqualit\u00e4t (IDA) zu erreichen, gibt EN 13779 Filterleistungen vor, welche die Systeme erf\u00fcllen m\u00fcssen. Die [&hellip;]<\/p>\n","protected":false},"author":2,"featured_media":0,"parent":11457,"menu_order":0,"comment_status":"closed","ping_status":"closed","template":"","meta":{"_acf_changed":false,"footnotes":""},"class_list":["post-1175","page","type-page","status-publish","hentry"],"acf":[],"yoast_head":"<!-- This site is optimized with the Yoast SEO plugin v27.3 - https:\/\/yoast.com\/product\/yoast-seo-wordpress\/ -->\n<title>Empfehlungen und Tipps - AFPRO<\/title>\n<meta name=\"robots\" content=\"index, follow, max-snippet:-1, max-image-preview:large, max-video-preview:-1\" \/>\n<link rel=\"canonical\" href=\"https:\/\/www.afprofilters.com\/de\/tipps\/empfehlungen-und-tipps\/\" \/>\n<meta property=\"og:locale\" content=\"de_DE\" \/>\n<meta property=\"og:type\" content=\"article\" \/>\n<meta property=\"og:title\" content=\"Empfehlungen und Tipps - AFPRO\" \/>\n<meta property=\"og:description\" content=\"EN 13779: die Norm f\u00fcr ein komfortables Raumklima Die europ\u00e4ische Norm EN 13779 ist eine Richtlinie f\u00fcr die Leistungsanforderungen an Raumluft. Die Norm verfolgt ein klares Ziel. Die Schaffung eines komfortablen, gesunden Raumklimas zu vertretbaren Installations- und Betriebskosten.Um eine gute Raumluftqualit\u00e4t (IDA) zu erreichen, gibt EN 13779 Filterleistungen vor, welche die Systeme erf\u00fcllen m\u00fcssen. Die [&hellip;]\" \/>\n<meta property=\"og:url\" content=\"https:\/\/www.afprofilters.com\/de\/tipps\/empfehlungen-und-tipps\/\" \/>\n<meta property=\"og:site_name\" content=\"AFPRO\" \/>\n<meta property=\"article:modified_time\" content=\"2025-03-10T11:15:56+00:00\" \/>\n<meta name=\"twitter:card\" content=\"summary_large_image\" \/>\n<meta name=\"twitter:label1\" content=\"Gesch\u00e4tzte Lesezeit\" \/>\n\t<meta name=\"twitter:data1\" content=\"3 Minuten\" \/>\n<script type=\"application\/ld+json\" class=\"yoast-schema-graph\">{\"@context\":\"https:\\\/\\\/schema.org\",\"@graph\":[{\"@type\":\"WebPage\",\"@id\":\"https:\\\/\\\/www.afprofilters.com\\\/de\\\/tipps\\\/empfehlungen-und-tipps\\\/\",\"url\":\"https:\\\/\\\/www.afprofilters.com\\\/de\\\/tipps\\\/empfehlungen-und-tipps\\\/\",\"name\":\"Empfehlungen und Tipps - AFPRO\",\"isPartOf\":{\"@id\":\"https:\\\/\\\/www.afprofilters.com\\\/de\\\/#website\"},\"datePublished\":\"2016-09-06T13:03:23+00:00\",\"dateModified\":\"2025-03-10T11:15:56+00:00\",\"breadcrumb\":{\"@id\":\"https:\\\/\\\/www.afprofilters.com\\\/de\\\/tipps\\\/empfehlungen-und-tipps\\\/#breadcrumb\"},\"inLanguage\":\"de-DE\",\"potentialAction\":[{\"@type\":\"ReadAction\",\"target\":[\"https:\\\/\\\/www.afprofilters.com\\\/de\\\/tipps\\\/empfehlungen-und-tipps\\\/\"]}]},{\"@type\":\"BreadcrumbList\",\"@id\":\"https:\\\/\\\/www.afprofilters.com\\\/de\\\/tipps\\\/empfehlungen-und-tipps\\\/#breadcrumb\",\"itemListElement\":[{\"@type\":\"ListItem\",\"position\":1,\"name\":\"\",\"item\":\"https:\\\/\\\/www.afprofilters.com\\\/de\\\/\"},{\"@type\":\"ListItem\",\"position\":2,\"name\":\"Tipps\",\"item\":\"https:\\\/\\\/www.afprofilters.com\\\/de\\\/tipps\\\/\"},{\"@type\":\"ListItem\",\"position\":3,\"name\":\"Empfehlungen und Tipps\"}]},{\"@type\":\"WebSite\",\"@id\":\"https:\\\/\\\/www.afprofilters.com\\\/de\\\/#website\",\"url\":\"https:\\\/\\\/www.afprofilters.com\\\/de\\\/\",\"name\":\"AFPRO\",\"description\":\"AFPRO Filters\",\"publisher\":{\"@id\":\"https:\\\/\\\/www.afprofilters.com\\\/de\\\/#organization\"},\"potentialAction\":[{\"@type\":\"SearchAction\",\"target\":{\"@type\":\"EntryPoint\",\"urlTemplate\":\"https:\\\/\\\/www.afprofilters.com\\\/de\\\/?s={search_term_string}\"},\"query-input\":{\"@type\":\"PropertyValueSpecification\",\"valueRequired\":true,\"valueName\":\"search_term_string\"}}],\"inLanguage\":\"de-DE\"},{\"@type\":\"Organization\",\"@id\":\"https:\\\/\\\/www.afprofilters.com\\\/de\\\/#organization\",\"name\":\"AFPRO\",\"url\":\"https:\\\/\\\/www.afprofilters.com\\\/de\\\/\",\"logo\":{\"@type\":\"ImageObject\",\"inLanguage\":\"de-DE\",\"@id\":\"https:\\\/\\\/www.afprofilters.com\\\/de\\\/#\\\/schema\\\/logo\\\/image\\\/\",\"url\":\"https:\\\/\\\/www.afprofilters.com\\\/wp-content\\\/uploads\\\/2021\\\/05\\\/AFPRO-logo.png\",\"contentUrl\":\"https:\\\/\\\/www.afprofilters.com\\\/wp-content\\\/uploads\\\/2021\\\/05\\\/AFPRO-logo.png\",\"width\":640,\"height\":177,\"caption\":\"AFPRO\"},\"image\":{\"@id\":\"https:\\\/\\\/www.afprofilters.com\\\/de\\\/#\\\/schema\\\/logo\\\/image\\\/\"}}]}<\/script>\n<!-- \/ Yoast SEO plugin. -->","yoast_head_json":{"title":"Empfehlungen und Tipps - AFPRO","robots":{"index":"index","follow":"follow","max-snippet":"max-snippet:-1","max-image-preview":"max-image-preview:large","max-video-preview":"max-video-preview:-1"},"canonical":"https:\/\/www.afprofilters.com\/de\/tipps\/empfehlungen-und-tipps\/","og_locale":"de_DE","og_type":"article","og_title":"Empfehlungen und Tipps - AFPRO","og_description":"EN 13779: die Norm f\u00fcr ein komfortables Raumklima Die europ\u00e4ische Norm EN 13779 ist eine Richtlinie f\u00fcr die Leistungsanforderungen an Raumluft. Die Norm verfolgt ein klares Ziel. Die Schaffung eines komfortablen, gesunden Raumklimas zu vertretbaren Installations- und Betriebskosten.Um eine gute Raumluftqualit\u00e4t (IDA) zu erreichen, gibt EN 13779 Filterleistungen vor, welche die Systeme erf\u00fcllen m\u00fcssen. Die [&hellip;]","og_url":"https:\/\/www.afprofilters.com\/de\/tipps\/empfehlungen-und-tipps\/","og_site_name":"AFPRO","article_modified_time":"2025-03-10T11:15:56+00:00","twitter_card":"summary_large_image","twitter_misc":{"Gesch\u00e4tzte Lesezeit":"3 Minuten"},"schema":{"@context":"https:\/\/schema.org","@graph":[{"@type":"WebPage","@id":"https:\/\/www.afprofilters.com\/de\/tipps\/empfehlungen-und-tipps\/","url":"https:\/\/www.afprofilters.com\/de\/tipps\/empfehlungen-und-tipps\/","name":"Empfehlungen und Tipps - AFPRO","isPartOf":{"@id":"https:\/\/www.afprofilters.com\/de\/#website"},"datePublished":"2016-09-06T13:03:23+00:00","dateModified":"2025-03-10T11:15:56+00:00","breadcrumb":{"@id":"https:\/\/www.afprofilters.com\/de\/tipps\/empfehlungen-und-tipps\/#breadcrumb"},"inLanguage":"de-DE","potentialAction":[{"@type":"ReadAction","target":["https:\/\/www.afprofilters.com\/de\/tipps\/empfehlungen-und-tipps\/"]}]},{"@type":"BreadcrumbList","@id":"https:\/\/www.afprofilters.com\/de\/tipps\/empfehlungen-und-tipps\/#breadcrumb","itemListElement":[{"@type":"ListItem","position":1,"name":"","item":"https:\/\/www.afprofilters.com\/de\/"},{"@type":"ListItem","position":2,"name":"Tipps","item":"https:\/\/www.afprofilters.com\/de\/tipps\/"},{"@type":"ListItem","position":3,"name":"Empfehlungen und Tipps"}]},{"@type":"WebSite","@id":"https:\/\/www.afprofilters.com\/de\/#website","url":"https:\/\/www.afprofilters.com\/de\/","name":"AFPRO","description":"AFPRO Filters","publisher":{"@id":"https:\/\/www.afprofilters.com\/de\/#organization"},"potentialAction":[{"@type":"SearchAction","target":{"@type":"EntryPoint","urlTemplate":"https:\/\/www.afprofilters.com\/de\/?s={search_term_string}"},"query-input":{"@type":"PropertyValueSpecification","valueRequired":true,"valueName":"search_term_string"}}],"inLanguage":"de-DE"},{"@type":"Organization","@id":"https:\/\/www.afprofilters.com\/de\/#organization","name":"AFPRO","url":"https:\/\/www.afprofilters.com\/de\/","logo":{"@type":"ImageObject","inLanguage":"de-DE","@id":"https:\/\/www.afprofilters.com\/de\/#\/schema\/logo\/image\/","url":"https:\/\/www.afprofilters.com\/wp-content\/uploads\/2021\/05\/AFPRO-logo.png","contentUrl":"https:\/\/www.afprofilters.com\/wp-content\/uploads\/2021\/05\/AFPRO-logo.png","width":640,"height":177,"caption":"AFPRO"},"image":{"@id":"https:\/\/www.afprofilters.com\/de\/#\/schema\/logo\/image\/"}}]}},"_links":{"self":[{"href":"https:\/\/www.afprofilters.com\/de\/wp-json\/wp\/v2\/pages\/1175","targetHints":{"allow":["GET"]}}],"collection":[{"href":"https:\/\/www.afprofilters.com\/de\/wp-json\/wp\/v2\/pages"}],"about":[{"href":"https:\/\/www.afprofilters.com\/de\/wp-json\/wp\/v2\/types\/page"}],"author":[{"embeddable":true,"href":"https:\/\/www.afprofilters.com\/de\/wp-json\/wp\/v2\/users\/2"}],"replies":[{"embeddable":true,"href":"https:\/\/www.afprofilters.com\/de\/wp-json\/wp\/v2\/comments?post=1175"}],"version-history":[{"count":0,"href":"https:\/\/www.afprofilters.com\/de\/wp-json\/wp\/v2\/pages\/1175\/revisions"}],"up":[{"embeddable":true,"href":"https:\/\/www.afprofilters.com\/de\/wp-json\/wp\/v2\/pages\/11457"}],"wp:attachment":[{"href":"https:\/\/www.afprofilters.com\/de\/wp-json\/wp\/v2\/media?parent=1175"}],"curies":[{"name":"wp","href":"https:\/\/api.w.org\/{rel}","templated":true}]}}