{"id":11473,"date":"2019-01-21T14:58:41","date_gmt":"2019-01-21T14:58:41","guid":{"rendered":"http:\/\/rcmrfan.cluster024.hosting.ovh.net\/?page_id=11473"},"modified":"2021-12-16T16:05:51","modified_gmt":"2021-12-16T16:05:51","slug":"tipps-zur-luftfiltration-in-schulen-und-universitaten","status":"publish","type":"page","link":"https:\/\/www.afprofilters.com\/de\/tipps-zur-luftfiltration-in-schulen-und-universitaten\/","title":{"rendered":"Tipps zur Luftfiltration in Schulen und Universit\u00e4ten"},"content":{"rendered":"\n<h2 class=\"wp-block-heading\">Produkte<\/h2>\n\n\n\n<div class=\"wp-block-columns anm-columns is-layout-flex wp-container-core-columns-is-layout-9d6595d7 wp-block-columns-is-layout-flex\">\n<div class=\"wp-block-column is-layout-flow wp-block-column-is-layout-flow\">\n<figure class=\"wp-block-image\"><a href=\"\/fr\/produit\/panneau-filtrant-apmc\/\"><img decoding=\"async\" src=\"\/wp-content\/uploads\/2016\/09\/APMC-150x150.jpg\" alt=\"panneau filtrant APMC\" \/><\/a><\/figure>\n\n\n\n<h2 class=\"wp-block-heading\">APMC Filterzellen<\/h2>\n\n\n\n<p>&gt; <a href=\"\/de\/producktart\/filterzellen\/\">Filterzellen<\/a><\/p>\n\n\n\n<ul class=\"wp-block-list\"><li>Filterklasse : ISO Coarse 70%, ePM10<\/li><li>Einfache MontagE<\/li><li>Stabiler Rahmen<\/li><\/ul>\n\n\n\n<div class=\"wp-block-buttons is-layout-flex wp-block-buttons-is-layout-flex\">\n<div class=\"wp-block-button\"><a class=\"wp-block-button__link has-blue-background-color has-background\" href=\"\/de\/produkt\/apmc-paneele\/\">Lesen<\/a><\/div>\n<\/div>\n<\/div>\n\n\n\n<div class=\"wp-block-column is-layout-flow wp-block-column-is-layout-flow\">\n<figure class=\"wp-block-image\"><a href=\"\/fr\/produit\/filtre-a-poches-hq98-epm1\/\"><img decoding=\"async\" src=\"\/wp-content\/uploads\/2016\/09\/HQ98A8-6-F9-150x150.jpg\" alt=\"hq 98 epm1 bag filter\" \/><\/a><\/figure>\n\n\n\n<h2 class=\"wp-block-heading\">Filtre \u00e0 poches HQ98 ePM1<\/h2>\n\n\n\n<p>&gt; <a href=\"\/de\/producktart\/taschenfilter\/\">Taschenfilter<\/a><\/p>\n\n\n\n<ul class=\"wp-block-list\"><li>Filterklasse : ePM1 85%<\/li><li>Stabiler, leichter Rahmen<\/li><li>Hohe Staubspeicherf\u00e4higkeit<\/li><li>Konstanter Wirkungsgrad<\/li><\/ul>\n\n\n\n<div class=\"wp-block-buttons is-layout-flex wp-block-buttons-is-layout-flex\">\n<div class=\"wp-block-button\"><a class=\"wp-block-button__link has-blue-background-color has-background\" href=\"\/de\/produkt\/hq98-epm1-taschenfilter\/\">Lesen<\/a><\/div>\n<\/div>\n<\/div>\n\n\n\n<div class=\"wp-block-column is-layout-flow wp-block-column-is-layout-flow\">\n<figure class=\"wp-block-image\"><a href=\"\/fr\/produit\/filtre-miniplis-cpmc-acier-galvanise\/\"><img decoding=\"async\" src=\"\/wp-content\/uploads\/2016\/09\/CPMC-150x150.png\" alt=\"\" \/><\/a><\/figure>\n\n\n\n<h2 class=\"wp-block-heading\">CPMC Filterzellen<\/h2>\n\n\n\n<p>&gt; <a href=\"\/de\/producktart\/filterzellen\/\">Filterzellen<\/a><\/p>\n\n\n\n<ul class=\"wp-block-list\"><li>Filterklasse: ePM10, ePM2,5, ePM1<\/li><li>Sehr kompakter Aufbau<\/li><li>Stabiler Rahmen<\/li><\/ul>\n\n\n\n<div class=\"wp-block-buttons is-layout-flex wp-block-buttons-is-layout-flex\">\n<div class=\"wp-block-button\"><a class=\"wp-block-button__link has-blue-background-color has-background\" href=\"\/de\/produkt\/cpmc-paneele\/\">Lesen<\/a><\/div>\n<\/div>\n<\/div>\n<\/div>\n\n\n\n<h2 class=\"wp-block-heading\">Service<\/h2>\n\n\n\n<div class=\"wp-block-columns anm-columns is-layout-flex wp-container-core-columns-is-layout-9d6595d7 wp-block-columns-is-layout-flex\">\n<div class=\"wp-block-column is-layout-flow wp-block-column-is-layout-flow\">\n<figure class=\"wp-block-image\"><a href=\"\/fr\/produit\/audit-des-centrales-de-traitement-d%ca%bcair\/\"><img decoding=\"async\" src=\"\/wp-content\/uploads\/2016\/09\/AFPRO-Filters-for-clean-production-processes-150x150.png\" alt=\"audit des centrales\" \/><\/a><\/figure>\n\n\n\n<h2 class=\"wp-block-heading\">AKontrolle von Luftbehandlungsanlagen (LCC)<\/h2>\n\n\n\n<p>&gt; <a href=\"\/de\/producktart\/service\/\">Service<\/a><\/p>\n\n\n\n<div class=\"wp-block-buttons is-layout-flex wp-block-buttons-is-layout-flex\">\n<div class=\"wp-block-button\"><a class=\"wp-block-button__link has-blue-background-color has-background\" href=\"\/de\/produkt\/kontrolle-von-luftbehandlungsanlagen\/\">Lesen<\/a><\/div>\n<\/div>\n<\/div>\n\n\n\n<div class=\"wp-block-column is-layout-flow wp-block-column-is-layout-flow\">\n<figure class=\"wp-block-image\"><a href=\"\/fr\/produit\/service-forfait-prise-de-cotes\/\"><img decoding=\"async\" src=\"\/wp-content\/uploads\/2018\/12\/prise-de-cotes-150x150.jpg\" alt=\"\" \/><\/a><\/figure>\n\n\n\n<h2 class=\"wp-block-heading\">Vor-Ort Inspektion<\/h2>\n\n\n\n<p>&gt; <a href=\"\/de\/producktart\/service\/\">Service<\/a><\/p>\n\n\n\n<div class=\"wp-block-buttons is-layout-flex wp-block-buttons-is-layout-flex\">\n<div class=\"wp-block-button\"><a class=\"wp-block-button__link has-blue-background-color has-background\" href=\"\/de\/produkt\/vor-ort-inspektion\/\">Lesen<\/a><\/div>\n<\/div>\n<\/div>\n<\/div>\n\n\n\n<div class=\"wp-block-columns is-layout-flex wp-container-core-columns-is-layout-9d6595d7 wp-block-columns-is-layout-flex\">\n<div class=\"wp-block-column is-layout-flow wp-block-column-is-layout-flow\">\n<h2 class=\"wp-block-heading\">Video<\/h2>\n\n\n\n<figure class=\"wp-block-embed is-type-video is-provider-youtube wp-block-embed-youtube wp-embed-aspect-16-9 wp-has-aspect-ratio\"><div class=\"wp-block-embed__wrapper\">\n<iframe loading=\"lazy\" title=\"PM1-feinstaub-luftfilter-filter-feinstaubfilter-ISO16890-erklarung-AFPRO-FIlters-DE.\" width=\"500\" height=\"281\" src=\"https:\/\/www.youtube.com\/embed\/LxgQipeZcKc?feature=oembed\" frameborder=\"0\" allow=\"accelerometer; autoplay; clipboard-write; encrypted-media; gyroscope; picture-in-picture; web-share\" referrerpolicy=\"strict-origin-when-cross-origin\" allowfullscreen><\/iframe>\n<\/div><\/figure>\n<\/div>\n\n\n\n<div class=\"wp-block-column is-layout-flow wp-block-column-is-layout-flow\">\n<h2 class=\"wp-block-heading\">FALLSTUDIEN<\/h2>\n\n\n\n<h3 class=\"wp-block-heading\">In Aix-en-Provence optimiert AFPRO Filters die Luftqualit\u00e4t der Universit\u00e4t<\/h3>\n\n\n\n<figure class=\"wp-block-image\"><a href=\"\/fr\/etude-de-cas-filtration-air-universite\/\"><img decoding=\"async\" src=\"\/wp-content\/uploads\/2019\/03\/bandeau-EDC-univ-grand-1024x641.png\" alt=\"universit\u00e9\" \/><\/a><\/figure>\n\n\n\n<p>Im Rahmen seines Leistungsmanagements hat sich Eiffage Services, die sich um die Wartung der \u00d6rtlichkeiten der Universit\u00e4t Aix-Marseille k\u00fcmmern, an AFPRO Filters gewandt, um ihre Luftfilteranlagen zu optimieren. Gespr\u00e4ch mit Beno\u00eet Joffroy, Wartungstechniker bei Eiffage Services K\u00f6nnen Sie uns die \u00d6rtlichkeiten der Universit\u00e4t zeigen, f\u00fcr die Sie zust\u00e4ndig sind? Die Universit\u00e4t Aix-Marseille Universit\u00e9 (AMU) ist [\u2026]<\/p>\n\n\n\n<div class=\"wp-block-buttons is-layout-flex wp-block-buttons-is-layout-flex\">\n<div class=\"wp-block-button\"><a class=\"wp-block-button__link has-blue-background-color has-background\" href=\"\/de\/in-aix-en-provence-optimiert-afpro-filters-die-luftqualitaet-der-universitaet\/\">Lesen<\/a><\/div>\n<\/div>\n<\/div>\n<\/div>\n","protected":false},"excerpt":{"rendered":"<p>Produkte APMC Filterzellen &gt; Filterzellen Filterklasse : ISO Coarse 70%, ePM10 Einfache MontagE Stabiler Rahmen Filtre \u00e0 poches HQ98 ePM1 &gt; Taschenfilter Filterklasse : ePM1 85% Stabiler, leichter Rahmen Hohe Staubspeicherf\u00e4higkeit Konstanter Wirkungsgrad CPMC Filterzellen &gt; Filterzellen Filterklasse: ePM10, ePM2,5, ePM1 Sehr kompakter Aufbau Stabiler Rahmen Service AKontrolle von Luftbehandlungsanlagen (LCC) &gt; Service Vor-Ort Inspektion [&hellip;]<\/p>\n","protected":false},"author":2,"featured_media":0,"parent":0,"menu_order":0,"comment_status":"closed","ping_status":"closed","template":"","meta":{"_acf_changed":false,"footnotes":""},"class_list":["post-11473","page","type-page","status-publish","hentry"],"acf":[],"yoast_head":"<!-- This site is optimized with the Yoast SEO plugin v27.3 - https:\/\/yoast.com\/product\/yoast-seo-wordpress\/ -->\n<title>Tipps zur Luftfiltration in Schulen und Universit\u00e4ten - AFPRO<\/title>\n<meta name=\"robots\" content=\"index, follow, max-snippet:-1, max-image-preview:large, max-video-preview:-1\" \/>\n<link rel=\"canonical\" href=\"https:\/\/www.afprofilters.com\/de\/tipps-zur-luftfiltration-in-schulen-und-universitaten\/\" \/>\n<meta property=\"og:locale\" content=\"de_DE\" \/>\n<meta property=\"og:type\" content=\"article\" \/>\n<meta property=\"og:title\" content=\"Tipps zur Luftfiltration in Schulen und Universit\u00e4ten - AFPRO\" \/>\n<meta property=\"og:description\" content=\"Produkte APMC Filterzellen &gt; Filterzellen Filterklasse : ISO Coarse 70%, ePM10 Einfache MontagE Stabiler Rahmen Filtre \u00e0 poches HQ98 ePM1 &gt; Taschenfilter Filterklasse : ePM1 85% Stabiler, leichter Rahmen Hohe Staubspeicherf\u00e4higkeit Konstanter Wirkungsgrad CPMC Filterzellen &gt; Filterzellen Filterklasse: ePM10, ePM2,5, ePM1 Sehr kompakter Aufbau Stabiler Rahmen Service AKontrolle von Luftbehandlungsanlagen (LCC) &gt; Service Vor-Ort Inspektion [&hellip;]\" \/>\n<meta property=\"og:url\" content=\"https:\/\/www.afprofilters.com\/de\/tipps-zur-luftfiltration-in-schulen-und-universitaten\/\" \/>\n<meta property=\"og:site_name\" content=\"AFPRO\" \/>\n<meta property=\"article:modified_time\" content=\"2021-12-16T16:05:51+00:00\" \/>\n<meta property=\"og:image\" content=\"https:\/\/www.afprofilters.com\/wp-content\/uploads\/2016\/09\/APMC-150x150.jpg\" \/>\n<meta name=\"twitter:card\" content=\"summary_large_image\" \/>\n<meta name=\"twitter:label1\" content=\"Gesch\u00e4tzte Lesezeit\" \/>\n\t<meta name=\"twitter:data1\" content=\"2 Minuten\" \/>\n<script type=\"application\/ld+json\" class=\"yoast-schema-graph\">{\"@context\":\"https:\\\/\\\/schema.org\",\"@graph\":[{\"@type\":\"WebPage\",\"@id\":\"https:\\\/\\\/www.afprofilters.com\\\/de\\\/tipps-zur-luftfiltration-in-schulen-und-universitaten\\\/\",\"url\":\"https:\\\/\\\/www.afprofilters.com\\\/de\\\/tipps-zur-luftfiltration-in-schulen-und-universitaten\\\/\",\"name\":\"Tipps zur Luftfiltration in Schulen und Universit\u00e4ten - AFPRO\",\"isPartOf\":{\"@id\":\"https:\\\/\\\/www.afprofilters.com\\\/de\\\/#website\"},\"datePublished\":\"2019-01-21T14:58:41+00:00\",\"dateModified\":\"2021-12-16T16:05:51+00:00\",\"breadcrumb\":{\"@id\":\"https:\\\/\\\/www.afprofilters.com\\\/de\\\/tipps-zur-luftfiltration-in-schulen-und-universitaten\\\/#breadcrumb\"},\"inLanguage\":\"de-DE\",\"potentialAction\":[{\"@type\":\"ReadAction\",\"target\":[\"https:\\\/\\\/www.afprofilters.com\\\/de\\\/tipps-zur-luftfiltration-in-schulen-und-universitaten\\\/\"]}]},{\"@type\":\"BreadcrumbList\",\"@id\":\"https:\\\/\\\/www.afprofilters.com\\\/de\\\/tipps-zur-luftfiltration-in-schulen-und-universitaten\\\/#breadcrumb\",\"itemListElement\":[{\"@type\":\"ListItem\",\"position\":1,\"name\":\"\",\"item\":\"https:\\\/\\\/www.afprofilters.com\\\/de\\\/\"},{\"@type\":\"ListItem\",\"position\":2,\"name\":\"Tipps zur Luftfiltration in Schulen und Universit\u00e4ten\"}]},{\"@type\":\"WebSite\",\"@id\":\"https:\\\/\\\/www.afprofilters.com\\\/de\\\/#website\",\"url\":\"https:\\\/\\\/www.afprofilters.com\\\/de\\\/\",\"name\":\"AFPRO\",\"description\":\"AFPRO Filters\",\"publisher\":{\"@id\":\"https:\\\/\\\/www.afprofilters.com\\\/de\\\/#organization\"},\"potentialAction\":[{\"@type\":\"SearchAction\",\"target\":{\"@type\":\"EntryPoint\",\"urlTemplate\":\"https:\\\/\\\/www.afprofilters.com\\\/de\\\/?s={search_term_string}\"},\"query-input\":{\"@type\":\"PropertyValueSpecification\",\"valueRequired\":true,\"valueName\":\"search_term_string\"}}],\"inLanguage\":\"de-DE\"},{\"@type\":\"Organization\",\"@id\":\"https:\\\/\\\/www.afprofilters.com\\\/de\\\/#organization\",\"name\":\"AFPRO\",\"url\":\"https:\\\/\\\/www.afprofilters.com\\\/de\\\/\",\"logo\":{\"@type\":\"ImageObject\",\"inLanguage\":\"de-DE\",\"@id\":\"https:\\\/\\\/www.afprofilters.com\\\/de\\\/#\\\/schema\\\/logo\\\/image\\\/\",\"url\":\"https:\\\/\\\/www.afprofilters.com\\\/wp-content\\\/uploads\\\/2021\\\/05\\\/AFPRO-logo.png\",\"contentUrl\":\"https:\\\/\\\/www.afprofilters.com\\\/wp-content\\\/uploads\\\/2021\\\/05\\\/AFPRO-logo.png\",\"width\":640,\"height\":177,\"caption\":\"AFPRO\"},\"image\":{\"@id\":\"https:\\\/\\\/www.afprofilters.com\\\/de\\\/#\\\/schema\\\/logo\\\/image\\\/\"}}]}<\/script>\n<!-- \/ Yoast SEO plugin. -->","yoast_head_json":{"title":"Tipps zur Luftfiltration in Schulen und Universit\u00e4ten - AFPRO","robots":{"index":"index","follow":"follow","max-snippet":"max-snippet:-1","max-image-preview":"max-image-preview:large","max-video-preview":"max-video-preview:-1"},"canonical":"https:\/\/www.afprofilters.com\/de\/tipps-zur-luftfiltration-in-schulen-und-universitaten\/","og_locale":"de_DE","og_type":"article","og_title":"Tipps zur Luftfiltration in Schulen und Universit\u00e4ten - AFPRO","og_description":"Produkte APMC Filterzellen &gt; Filterzellen Filterklasse : ISO Coarse 70%, ePM10 Einfache MontagE Stabiler Rahmen Filtre \u00e0 poches HQ98 ePM1 &gt; Taschenfilter Filterklasse : ePM1 85% Stabiler, leichter Rahmen Hohe Staubspeicherf\u00e4higkeit Konstanter Wirkungsgrad CPMC Filterzellen &gt; Filterzellen Filterklasse: ePM10, ePM2,5, ePM1 Sehr kompakter Aufbau Stabiler Rahmen Service AKontrolle von Luftbehandlungsanlagen (LCC) &gt; Service Vor-Ort Inspektion [&hellip;]","og_url":"https:\/\/www.afprofilters.com\/de\/tipps-zur-luftfiltration-in-schulen-und-universitaten\/","og_site_name":"AFPRO","article_modified_time":"2021-12-16T16:05:51+00:00","og_image":[{"url":"https:\/\/www.afprofilters.com\/wp-content\/uploads\/2016\/09\/APMC-150x150.jpg","type":"","width":"","height":""}],"twitter_card":"summary_large_image","twitter_misc":{"Gesch\u00e4tzte Lesezeit":"2 Minuten"},"schema":{"@context":"https:\/\/schema.org","@graph":[{"@type":"WebPage","@id":"https:\/\/www.afprofilters.com\/de\/tipps-zur-luftfiltration-in-schulen-und-universitaten\/","url":"https:\/\/www.afprofilters.com\/de\/tipps-zur-luftfiltration-in-schulen-und-universitaten\/","name":"Tipps zur Luftfiltration in Schulen und Universit\u00e4ten - AFPRO","isPartOf":{"@id":"https:\/\/www.afprofilters.com\/de\/#website"},"datePublished":"2019-01-21T14:58:41+00:00","dateModified":"2021-12-16T16:05:51+00:00","breadcrumb":{"@id":"https:\/\/www.afprofilters.com\/de\/tipps-zur-luftfiltration-in-schulen-und-universitaten\/#breadcrumb"},"inLanguage":"de-DE","potentialAction":[{"@type":"ReadAction","target":["https:\/\/www.afprofilters.com\/de\/tipps-zur-luftfiltration-in-schulen-und-universitaten\/"]}]},{"@type":"BreadcrumbList","@id":"https:\/\/www.afprofilters.com\/de\/tipps-zur-luftfiltration-in-schulen-und-universitaten\/#breadcrumb","itemListElement":[{"@type":"ListItem","position":1,"name":"","item":"https:\/\/www.afprofilters.com\/de\/"},{"@type":"ListItem","position":2,"name":"Tipps zur Luftfiltration in Schulen und Universit\u00e4ten"}]},{"@type":"WebSite","@id":"https:\/\/www.afprofilters.com\/de\/#website","url":"https:\/\/www.afprofilters.com\/de\/","name":"AFPRO","description":"AFPRO Filters","publisher":{"@id":"https:\/\/www.afprofilters.com\/de\/#organization"},"potentialAction":[{"@type":"SearchAction","target":{"@type":"EntryPoint","urlTemplate":"https:\/\/www.afprofilters.com\/de\/?s={search_term_string}"},"query-input":{"@type":"PropertyValueSpecification","valueRequired":true,"valueName":"search_term_string"}}],"inLanguage":"de-DE"},{"@type":"Organization","@id":"https:\/\/www.afprofilters.com\/de\/#organization","name":"AFPRO","url":"https:\/\/www.afprofilters.com\/de\/","logo":{"@type":"ImageObject","inLanguage":"de-DE","@id":"https:\/\/www.afprofilters.com\/de\/#\/schema\/logo\/image\/","url":"https:\/\/www.afprofilters.com\/wp-content\/uploads\/2021\/05\/AFPRO-logo.png","contentUrl":"https:\/\/www.afprofilters.com\/wp-content\/uploads\/2021\/05\/AFPRO-logo.png","width":640,"height":177,"caption":"AFPRO"},"image":{"@id":"https:\/\/www.afprofilters.com\/de\/#\/schema\/logo\/image\/"}}]}},"_links":{"self":[{"href":"https:\/\/www.afprofilters.com\/de\/wp-json\/wp\/v2\/pages\/11473","targetHints":{"allow":["GET"]}}],"collection":[{"href":"https:\/\/www.afprofilters.com\/de\/wp-json\/wp\/v2\/pages"}],"about":[{"href":"https:\/\/www.afprofilters.com\/de\/wp-json\/wp\/v2\/types\/page"}],"author":[{"embeddable":true,"href":"https:\/\/www.afprofilters.com\/de\/wp-json\/wp\/v2\/users\/2"}],"replies":[{"embeddable":true,"href":"https:\/\/www.afprofilters.com\/de\/wp-json\/wp\/v2\/comments?post=11473"}],"version-history":[{"count":0,"href":"https:\/\/www.afprofilters.com\/de\/wp-json\/wp\/v2\/pages\/11473\/revisions"}],"wp:attachment":[{"href":"https:\/\/www.afprofilters.com\/de\/wp-json\/wp\/v2\/media?parent=11473"}],"curies":[{"name":"wp","href":"https:\/\/api.w.org\/{rel}","templated":true}]}}