{"id":11462,"date":"2019-01-21T09:09:45","date_gmt":"2019-01-21T09:09:45","guid":{"rendered":"http:\/\/rcmrfan.cluster024.hosting.ovh.net\/?page_id=11462"},"modified":"2021-12-16T12:17:04","modified_gmt":"2021-12-16T12:17:04","slug":"tipps-zur-luftfiltration-in-flughafen","status":"publish","type":"page","link":"https:\/\/www.afprofilters.com\/de\/tipps-zur-luftfiltration-in-flughafen\/","title":{"rendered":"Tipps zur Luftfiltration in Flugh\u00e4fen"},"content":{"rendered":"\n<h2 class=\"wp-block-heading\">Produkte<\/h2>\n\n\n\n<div class=\"wp-block-columns anm-columns is-layout-flex wp-container-core-columns-is-layout-9d6595d7 wp-block-columns-is-layout-flex\">\n<div class=\"wp-block-column is-layout-flow wp-block-column-is-layout-flow\">\n<figure class=\"wp-block-image\"><a href=\"https:\/\/www.afprofilters.com\/product\/hq-85-epm1-bag-filter\/\"><img decoding=\"async\" src=\"http:\/\/www.afprofilters.com\/wp-content\/uploads\/2016\/09\/HQ85A8-6-F7-150x150.jpg\" alt=\"HQ 85 ePM1 Bag filter\" \/><\/a><\/figure>\n\n\n\n<h2 class=\"wp-block-heading\">Taschenfilter HQ85<\/h2>\n\n\n\n<p>&gt; <a href=\"\/de\/producktart\/taschenfilter\/\">Taschenfilter<\/a><\/p>\n\n\n\n<p>\u2022 Stabiler, leichter Rahmen<br>\u2022 Hohe Staubspeicherf\u00e4higkeit<br>\u2022 Konstanter Wirkungsgrad<br>\u2022 Hohe Energieeffizienz<\/p>\n\n\n\n<div class=\"wp-block-buttons is-layout-flex wp-block-buttons-is-layout-flex\">\n<div class=\"wp-block-button\"><a class=\"wp-block-button__link has-blue-background-color has-background\" href=\"\/de\/produkt\/hq85-epm1-taschenfilter\/\">Lesen<\/a><\/div>\n<\/div>\n<\/div>\n\n\n\n<div class=\"wp-block-column empty-column is-layout-flow wp-block-column-is-layout-flow\">\n<figure class=\"wp-block-image is-resized\"><a href=\"https:\/\/www.afprofilters.com\/product\/activated-carbon-filter\/\"><img loading=\"lazy\" decoding=\"async\" src=\"http:\/\/www.afprofilters.com\/wp-content\/uploads\/2016\/09\/AC-2-26-402x1024-1-300x225.jpg\" alt=\"Activated carbon cylinder\" width=\"186\" height=\"137\" \/><\/a><\/figure>\n\n\n\n<h2 class=\"wp-block-heading\">Kohlezylinder<\/h2>\n\n\n\n<p>&gt; <a href=\"\/de\/producktart\/aktivkohlefilter\/\">Aktivkohlefilter<\/a><\/p>\n\n\n\n<ul class=\"wp-block-list\"><li>Nachf\u00fcllbar<\/li><li>Hohe Aufnahmekapazit\u00e4t<\/li><li>Einfache Montage<\/li><\/ul>\n\n\n\n<div class=\"wp-block-buttons is-layout-flex wp-block-buttons-is-layout-flex\">\n<div class=\"wp-block-button\"><a class=\"wp-block-button__link has-blue-background-color has-background\" href=\"https:\/\/www.afprofilters.com\/de\/produkt\/aktivkohle-zylinderfilter\/\">Lesen<\/a><\/div>\n<\/div>\n<\/div>\n<\/div>\n\n\n\n<h2 class=\"wp-block-heading\">Service<\/h2>\n\n\n\n<div class=\"wp-block-columns anm-columns is-layout-flex wp-container-core-columns-is-layout-9d6595d7 wp-block-columns-is-layout-flex\">\n<div class=\"wp-block-column empty-column is-layout-flow wp-block-column-is-layout-flow\">\n<figure class=\"wp-block-image\"><a href=\"https:\/\/www.afprofilters.com\/product\/lcc\/\"><img decoding=\"async\" src=\"http:\/\/www.afprofilters.com\/wp-content\/uploads\/2016\/09\/AFPRO-Filters-for-clean-production-processes-150x150.png\" alt=\"\" \/><\/a><\/figure>\n\n\n\n<h2 class=\"wp-block-heading\">Kontrolle von Luftbehandlungsanlagen (LCC)<\/h2>\n\n\n\n<p>&gt; <a href=\"\/de\/producktart\/service\/\">Service<\/a><\/p>\n\n\n\n<div class=\"wp-block-buttons is-layout-flex wp-block-buttons-is-layout-flex\">\n<div class=\"wp-block-button\"><a class=\"wp-block-button__link has-blue-background-color has-background\" href=\"\/de\/produkt\/kontrolle-von-luftbehandlungsanlagen\/\">Lesen<\/a><\/div>\n<\/div>\n<\/div>\n<\/div>\n\n\n\n<div class=\"wp-block-columns is-layout-flex wp-container-core-columns-is-layout-9d6595d7 wp-block-columns-is-layout-flex\">\n<div class=\"wp-block-column is-layout-flow wp-block-column-is-layout-flow\">\n<h2 class=\"wp-block-heading\">Fallstudien<\/h2>\n\n\n\n<figure class=\"wp-block-image size-large\"><img loading=\"lazy\" decoding=\"async\" width=\"1024\" height=\"590\" src=\"http:\/\/www.afprofilters.com\/wp-content\/uploads\/2019\/06\/Marseille-Provence-Airport-1024x590.jpg\" alt=\"\" class=\"wp-image-14316\" srcset=\"https:\/\/www.afprofilters.com\/wp-content\/uploads\/2019\/06\/Marseille-Provence-Airport-1024x590.jpg 1024w, https:\/\/www.afprofilters.com\/wp-content\/uploads\/2019\/06\/Marseille-Provence-Airport-300x173.jpg 300w, https:\/\/www.afprofilters.com\/wp-content\/uploads\/2019\/06\/Marseille-Provence-Airport-768x442.jpg 768w, https:\/\/www.afprofilters.com\/wp-content\/uploads\/2019\/06\/Marseille-Provence-Airport-1080x622.jpg 1080w, https:\/\/www.afprofilters.com\/wp-content\/uploads\/2019\/06\/Marseille-Provence-Airport.jpg 1266w\" sizes=\"auto, (max-width: 1024px) 100vw, 1024px\" \/><\/figure>\n\n\n\n<h3 class=\"wp-block-heading\">Der internationale Flughafen Marseille-Provence<\/h3>\n\n\n\n<p>Der internationale Flughafen Marseille-Provence ist der drittgr\u00f6\u00dfte franz\u00f6sische Flughafen (au\u00dfer Paris) in Bezug auf Verkehr mit mehr als acht Millionen Passagieren, die jedes Jahr aufgenommen werden. Der Flughafen liegt in der N\u00e4he des Etang de Berre in einem Sektor mit hoher Industrie- und Stadtdichte und befindet sich im Herzen eines Bereichs, der eine gro\u00dfe Staubmenge [\u2026]<\/p>\n\n\n\n<div class=\"wp-block-buttons is-layout-flex wp-block-buttons-is-layout-flex\">\n<div class=\"wp-block-button\"><a class=\"wp-block-button__link has-blue-background-color has-background\" href=\"https:\/\/www.afprofilters.com\/de\/der-internationale-flughafen-marseille-provence\/\">Lesen<\/a><\/div>\n<\/div>\n<\/div>\n<\/div>\n\n\n\n<p><\/p>\n","protected":false},"excerpt":{"rendered":"<p>Produkte Taschenfilter HQ85 &gt; Taschenfilter \u2022 Stabiler, leichter Rahmen\u2022 Hohe Staubspeicherf\u00e4higkeit\u2022 Konstanter Wirkungsgrad\u2022 Hohe Energieeffizienz Kohlezylinder &gt; Aktivkohlefilter Nachf\u00fcllbar Hohe Aufnahmekapazit\u00e4t Einfache Montage Service Kontrolle von Luftbehandlungsanlagen (LCC) &gt; Service Fallstudien Der internationale Flughafen Marseille-Provence Der internationale Flughafen Marseille-Provence ist der drittgr\u00f6\u00dfte franz\u00f6sische Flughafen (au\u00dfer Paris) in Bezug auf Verkehr mit mehr als acht Millionen [&hellip;]<\/p>\n","protected":false},"author":2,"featured_media":0,"parent":0,"menu_order":0,"comment_status":"closed","ping_status":"closed","template":"","meta":{"_acf_changed":false,"footnotes":""},"class_list":["post-11462","page","type-page","status-publish","hentry"],"acf":[],"yoast_head":"<!-- This site is optimized with the Yoast SEO plugin v27.3 - https:\/\/yoast.com\/product\/yoast-seo-wordpress\/ -->\n<title>Tipps zur Luftfiltration in Flugh\u00e4fen - AFPRO<\/title>\n<meta name=\"robots\" content=\"index, follow, max-snippet:-1, max-image-preview:large, max-video-preview:-1\" \/>\n<link rel=\"canonical\" href=\"https:\/\/www.afprofilters.com\/de\/tipps-zur-luftfiltration-in-flughafen\/\" \/>\n<meta property=\"og:locale\" content=\"de_DE\" \/>\n<meta property=\"og:type\" content=\"article\" \/>\n<meta property=\"og:title\" content=\"Tipps zur Luftfiltration in Flugh\u00e4fen - AFPRO\" \/>\n<meta property=\"og:description\" content=\"Produkte Taschenfilter HQ85 &gt; Taschenfilter \u2022 Stabiler, leichter Rahmen\u2022 Hohe Staubspeicherf\u00e4higkeit\u2022 Konstanter Wirkungsgrad\u2022 Hohe Energieeffizienz Kohlezylinder &gt; Aktivkohlefilter Nachf\u00fcllbar Hohe Aufnahmekapazit\u00e4t Einfache Montage Service Kontrolle von Luftbehandlungsanlagen (LCC) &gt; Service Fallstudien Der internationale Flughafen Marseille-Provence Der internationale Flughafen Marseille-Provence ist der drittgr\u00f6\u00dfte franz\u00f6sische Flughafen (au\u00dfer Paris) in Bezug auf Verkehr mit mehr als acht Millionen [&hellip;]\" \/>\n<meta property=\"og:url\" content=\"https:\/\/www.afprofilters.com\/de\/tipps-zur-luftfiltration-in-flughafen\/\" \/>\n<meta property=\"og:site_name\" content=\"AFPRO\" \/>\n<meta property=\"article:modified_time\" content=\"2021-12-16T12:17:04+00:00\" \/>\n<meta property=\"og:image\" content=\"http:\/\/www.afprofilters.com\/wp-content\/uploads\/2016\/09\/HQ85A8-6-F7-150x150.jpg\" \/>\n<meta name=\"twitter:card\" content=\"summary_large_image\" \/>\n<meta name=\"twitter:label1\" content=\"Gesch\u00e4tzte Lesezeit\" \/>\n\t<meta name=\"twitter:data1\" content=\"2 Minuten\" \/>\n<script type=\"application\/ld+json\" class=\"yoast-schema-graph\">{\"@context\":\"https:\\\/\\\/schema.org\",\"@graph\":[{\"@type\":\"WebPage\",\"@id\":\"https:\\\/\\\/www.afprofilters.com\\\/de\\\/tipps-zur-luftfiltration-in-flughafen\\\/\",\"url\":\"https:\\\/\\\/www.afprofilters.com\\\/de\\\/tipps-zur-luftfiltration-in-flughafen\\\/\",\"name\":\"Tipps zur Luftfiltration in Flugh\u00e4fen - AFPRO\",\"isPartOf\":{\"@id\":\"https:\\\/\\\/www.afprofilters.com\\\/de\\\/#website\"},\"primaryImageOfPage\":{\"@id\":\"https:\\\/\\\/www.afprofilters.com\\\/de\\\/tipps-zur-luftfiltration-in-flughafen\\\/#primaryimage\"},\"image\":{\"@id\":\"https:\\\/\\\/www.afprofilters.com\\\/de\\\/tipps-zur-luftfiltration-in-flughafen\\\/#primaryimage\"},\"thumbnailUrl\":\"http:\\\/\\\/www.afprofilters.com\\\/wp-content\\\/uploads\\\/2016\\\/09\\\/HQ85A8-6-F7-150x150.jpg\",\"datePublished\":\"2019-01-21T09:09:45+00:00\",\"dateModified\":\"2021-12-16T12:17:04+00:00\",\"breadcrumb\":{\"@id\":\"https:\\\/\\\/www.afprofilters.com\\\/de\\\/tipps-zur-luftfiltration-in-flughafen\\\/#breadcrumb\"},\"inLanguage\":\"de-DE\",\"potentialAction\":[{\"@type\":\"ReadAction\",\"target\":[\"https:\\\/\\\/www.afprofilters.com\\\/de\\\/tipps-zur-luftfiltration-in-flughafen\\\/\"]}]},{\"@type\":\"ImageObject\",\"inLanguage\":\"de-DE\",\"@id\":\"https:\\\/\\\/www.afprofilters.com\\\/de\\\/tipps-zur-luftfiltration-in-flughafen\\\/#primaryimage\",\"url\":\"http:\\\/\\\/www.afprofilters.com\\\/wp-content\\\/uploads\\\/2016\\\/09\\\/HQ85A8-6-F7-150x150.jpg\",\"contentUrl\":\"http:\\\/\\\/www.afprofilters.com\\\/wp-content\\\/uploads\\\/2016\\\/09\\\/HQ85A8-6-F7-150x150.jpg\"},{\"@type\":\"BreadcrumbList\",\"@id\":\"https:\\\/\\\/www.afprofilters.com\\\/de\\\/tipps-zur-luftfiltration-in-flughafen\\\/#breadcrumb\",\"itemListElement\":[{\"@type\":\"ListItem\",\"position\":1,\"name\":\"\",\"item\":\"https:\\\/\\\/www.afprofilters.com\\\/de\\\/\"},{\"@type\":\"ListItem\",\"position\":2,\"name\":\"Tipps zur Luftfiltration in Flugh\u00e4fen\"}]},{\"@type\":\"WebSite\",\"@id\":\"https:\\\/\\\/www.afprofilters.com\\\/de\\\/#website\",\"url\":\"https:\\\/\\\/www.afprofilters.com\\\/de\\\/\",\"name\":\"AFPRO\",\"description\":\"AFPRO Filters\",\"publisher\":{\"@id\":\"https:\\\/\\\/www.afprofilters.com\\\/de\\\/#organization\"},\"potentialAction\":[{\"@type\":\"SearchAction\",\"target\":{\"@type\":\"EntryPoint\",\"urlTemplate\":\"https:\\\/\\\/www.afprofilters.com\\\/de\\\/?s={search_term_string}\"},\"query-input\":{\"@type\":\"PropertyValueSpecification\",\"valueRequired\":true,\"valueName\":\"search_term_string\"}}],\"inLanguage\":\"de-DE\"},{\"@type\":\"Organization\",\"@id\":\"https:\\\/\\\/www.afprofilters.com\\\/de\\\/#organization\",\"name\":\"AFPRO\",\"url\":\"https:\\\/\\\/www.afprofilters.com\\\/de\\\/\",\"logo\":{\"@type\":\"ImageObject\",\"inLanguage\":\"de-DE\",\"@id\":\"https:\\\/\\\/www.afprofilters.com\\\/de\\\/#\\\/schema\\\/logo\\\/image\\\/\",\"url\":\"https:\\\/\\\/www.afprofilters.com\\\/wp-content\\\/uploads\\\/2021\\\/05\\\/AFPRO-logo.png\",\"contentUrl\":\"https:\\\/\\\/www.afprofilters.com\\\/wp-content\\\/uploads\\\/2021\\\/05\\\/AFPRO-logo.png\",\"width\":640,\"height\":177,\"caption\":\"AFPRO\"},\"image\":{\"@id\":\"https:\\\/\\\/www.afprofilters.com\\\/de\\\/#\\\/schema\\\/logo\\\/image\\\/\"}}]}<\/script>\n<!-- \/ Yoast SEO plugin. -->","yoast_head_json":{"title":"Tipps zur Luftfiltration in Flugh\u00e4fen - AFPRO","robots":{"index":"index","follow":"follow","max-snippet":"max-snippet:-1","max-image-preview":"max-image-preview:large","max-video-preview":"max-video-preview:-1"},"canonical":"https:\/\/www.afprofilters.com\/de\/tipps-zur-luftfiltration-in-flughafen\/","og_locale":"de_DE","og_type":"article","og_title":"Tipps zur Luftfiltration in Flugh\u00e4fen - AFPRO","og_description":"Produkte Taschenfilter HQ85 &gt; Taschenfilter \u2022 Stabiler, leichter Rahmen\u2022 Hohe Staubspeicherf\u00e4higkeit\u2022 Konstanter Wirkungsgrad\u2022 Hohe Energieeffizienz Kohlezylinder &gt; Aktivkohlefilter Nachf\u00fcllbar Hohe Aufnahmekapazit\u00e4t Einfache Montage Service Kontrolle von Luftbehandlungsanlagen (LCC) &gt; Service Fallstudien Der internationale Flughafen Marseille-Provence Der internationale Flughafen Marseille-Provence ist der drittgr\u00f6\u00dfte franz\u00f6sische Flughafen (au\u00dfer Paris) in Bezug auf Verkehr mit mehr als acht Millionen [&hellip;]","og_url":"https:\/\/www.afprofilters.com\/de\/tipps-zur-luftfiltration-in-flughafen\/","og_site_name":"AFPRO","article_modified_time":"2021-12-16T12:17:04+00:00","og_image":[{"url":"http:\/\/www.afprofilters.com\/wp-content\/uploads\/2016\/09\/HQ85A8-6-F7-150x150.jpg","type":"","width":"","height":""}],"twitter_card":"summary_large_image","twitter_misc":{"Gesch\u00e4tzte Lesezeit":"2 Minuten"},"schema":{"@context":"https:\/\/schema.org","@graph":[{"@type":"WebPage","@id":"https:\/\/www.afprofilters.com\/de\/tipps-zur-luftfiltration-in-flughafen\/","url":"https:\/\/www.afprofilters.com\/de\/tipps-zur-luftfiltration-in-flughafen\/","name":"Tipps zur Luftfiltration in Flugh\u00e4fen - AFPRO","isPartOf":{"@id":"https:\/\/www.afprofilters.com\/de\/#website"},"primaryImageOfPage":{"@id":"https:\/\/www.afprofilters.com\/de\/tipps-zur-luftfiltration-in-flughafen\/#primaryimage"},"image":{"@id":"https:\/\/www.afprofilters.com\/de\/tipps-zur-luftfiltration-in-flughafen\/#primaryimage"},"thumbnailUrl":"http:\/\/www.afprofilters.com\/wp-content\/uploads\/2016\/09\/HQ85A8-6-F7-150x150.jpg","datePublished":"2019-01-21T09:09:45+00:00","dateModified":"2021-12-16T12:17:04+00:00","breadcrumb":{"@id":"https:\/\/www.afprofilters.com\/de\/tipps-zur-luftfiltration-in-flughafen\/#breadcrumb"},"inLanguage":"de-DE","potentialAction":[{"@type":"ReadAction","target":["https:\/\/www.afprofilters.com\/de\/tipps-zur-luftfiltration-in-flughafen\/"]}]},{"@type":"ImageObject","inLanguage":"de-DE","@id":"https:\/\/www.afprofilters.com\/de\/tipps-zur-luftfiltration-in-flughafen\/#primaryimage","url":"http:\/\/www.afprofilters.com\/wp-content\/uploads\/2016\/09\/HQ85A8-6-F7-150x150.jpg","contentUrl":"http:\/\/www.afprofilters.com\/wp-content\/uploads\/2016\/09\/HQ85A8-6-F7-150x150.jpg"},{"@type":"BreadcrumbList","@id":"https:\/\/www.afprofilters.com\/de\/tipps-zur-luftfiltration-in-flughafen\/#breadcrumb","itemListElement":[{"@type":"ListItem","position":1,"name":"","item":"https:\/\/www.afprofilters.com\/de\/"},{"@type":"ListItem","position":2,"name":"Tipps zur Luftfiltration in Flugh\u00e4fen"}]},{"@type":"WebSite","@id":"https:\/\/www.afprofilters.com\/de\/#website","url":"https:\/\/www.afprofilters.com\/de\/","name":"AFPRO","description":"AFPRO Filters","publisher":{"@id":"https:\/\/www.afprofilters.com\/de\/#organization"},"potentialAction":[{"@type":"SearchAction","target":{"@type":"EntryPoint","urlTemplate":"https:\/\/www.afprofilters.com\/de\/?s={search_term_string}"},"query-input":{"@type":"PropertyValueSpecification","valueRequired":true,"valueName":"search_term_string"}}],"inLanguage":"de-DE"},{"@type":"Organization","@id":"https:\/\/www.afprofilters.com\/de\/#organization","name":"AFPRO","url":"https:\/\/www.afprofilters.com\/de\/","logo":{"@type":"ImageObject","inLanguage":"de-DE","@id":"https:\/\/www.afprofilters.com\/de\/#\/schema\/logo\/image\/","url":"https:\/\/www.afprofilters.com\/wp-content\/uploads\/2021\/05\/AFPRO-logo.png","contentUrl":"https:\/\/www.afprofilters.com\/wp-content\/uploads\/2021\/05\/AFPRO-logo.png","width":640,"height":177,"caption":"AFPRO"},"image":{"@id":"https:\/\/www.afprofilters.com\/de\/#\/schema\/logo\/image\/"}}]}},"_links":{"self":[{"href":"https:\/\/www.afprofilters.com\/de\/wp-json\/wp\/v2\/pages\/11462","targetHints":{"allow":["GET"]}}],"collection":[{"href":"https:\/\/www.afprofilters.com\/de\/wp-json\/wp\/v2\/pages"}],"about":[{"href":"https:\/\/www.afprofilters.com\/de\/wp-json\/wp\/v2\/types\/page"}],"author":[{"embeddable":true,"href":"https:\/\/www.afprofilters.com\/de\/wp-json\/wp\/v2\/users\/2"}],"replies":[{"embeddable":true,"href":"https:\/\/www.afprofilters.com\/de\/wp-json\/wp\/v2\/comments?post=11462"}],"version-history":[{"count":0,"href":"https:\/\/www.afprofilters.com\/de\/wp-json\/wp\/v2\/pages\/11462\/revisions"}],"wp:attachment":[{"href":"https:\/\/www.afprofilters.com\/de\/wp-json\/wp\/v2\/media?parent=11462"}],"curies":[{"name":"wp","href":"https:\/\/api.w.org\/{rel}","templated":true}]}}