{"id":1080,"date":"2016-09-06T12:32:23","date_gmt":"2016-09-06T12:32:23","guid":{"rendered":"https:\/\/www.afprofilters.com\/?page_id=1080&#038;lang=de"},"modified":"2022-07-26T14:28:06","modified_gmt":"2022-07-26T14:28:06","slug":"die-prinzipien-der-luftfiltration","status":"publish","type":"page","link":"https:\/\/www.afprofilters.com\/de\/expertise\/die-prinzipien-der-luftfiltration\/","title":{"rendered":"Die Prinzipien der Luftfiltration"},"content":{"rendered":"<p>Es gibt zwei Arten von Luftfiltern:\u00a0f\u00fcr\u00a0gasf\u00f6rmige Partikel und f\u00fcr feste Partikel.\u00a0Beide Filter dienen dem gleichen Zweck, und zwar der Reduzierung der Partikelkonzentration in der Luft.Gasf\u00f6rmige Partikel k\u00f6nnen durch Adsorption gefiltert werden. Adsorption wird durch die so genannte London-Dispersionskraft, einer intermolekularen Art\u00a0der Van-der Waals-Kraft, hervorgerufen. Diese Kr\u00e4fte haben \u00e4hnliche Eigenschaften wie die Gravitationskr\u00e4fte zwischen Planeten.\u00a0<a href=\"https:\/\/www.afprofilters.de\/producktart\/aktivkohlefilter\/\">Aktivkohlefilter<\/a><a href=\"https:\/\/www.afprofilters.de\/product-type\/aktivkohlefilter\/\">\u00a0<\/a>sind\u00a0in der Lage, Gasmolek\u00fcle\u00a0durch die Adsorption aus der Luft zu filtern. Je nach Anwendungsgebiet k\u00f6nnen verschiedene Kohlearten verwendet werden.<\/p>\n<h3>Zum Abfangen von festen Partikeln\u00a0werden die folgenden vier Prinzipien genutzt<\/h3>\n<p><img loading=\"lazy\" decoding=\"async\" class=\"alignnone wp-image-31691 size-full\" src=\"http:\/\/www.afprofilters.com\/wp-content\/uploads\/2022\/07\/Partikeldurchmesser.jpg\" alt=\"Partikeldurchmesser\" width=\"809\" height=\"498\" srcset=\"https:\/\/www.afprofilters.com\/wp-content\/uploads\/2022\/07\/Partikeldurchmesser.jpg 809w, https:\/\/www.afprofilters.com\/wp-content\/uploads\/2022\/07\/Partikeldurchmesser-300x185.jpg 300w, https:\/\/www.afprofilters.com\/wp-content\/uploads\/2022\/07\/Partikeldurchmesser-768x473.jpg 768w\" sizes=\"auto, (max-width: 809px) 100vw, 809px\" \/><\/p>\n<h4><strong>Der Siebeffekt<\/strong><\/h4>\n<p>Der Siebeffekt kommt bei Luftfiltern am h\u00e4ufigsten zum Einsatz. Das Prinzip des Siebeffekts ist ganz einfach: das abgefangene Teilchen ist gr\u00f6\u03b2er als der Raum zwischen den Filterfasern und wird dadurch festgehalten.<\/p>\n<h4><strong>Der Massentr\u00e4gheitseffekt<\/strong><\/h4>\n<p>Dieses Filterprinzip kommt zur Anwendung, wenn die Teilchen eine gro\u03b2e Masse haben. Das abzufangende Teilchen kommt mit hoher Geschwindigkeit an und trifft durch sein Gewicht auf die Filterfaser auf, anstatt von dem Luftstrom mitgef\u00fchrt zu werden.<\/p>\n<h4><strong>Der Abfangeffekt<\/strong><\/h4>\n<p>Dieses Filterprinzip beruht auf der Tatsache, dass sich Teilchen gegenseitig anziehen. In diesem Fall ziehen die gr\u00f6\u03b2eren Filterfasern die relativ kleinen Staubteilchen an. Sobald die Partikel abgefangen wurden, bleiben sie an den Filterfasern haften.<\/p>\n<h4><strong>Der Diffusionseffekt<\/strong><\/h4>\n<p>Winzig kleine Partikel weisen h\u00e4ufig eine unregelm\u00e4\u03b2ige Eigenbewegung auf. Dieses Ph\u00e4nomen nennt man Brownsche Molekularbewegung. Das Muster des Weges, den die Partikel ablegen, kann von der Richtung des Luftstroms abweichen. Die Wahrscheinlichkeit, dass die Partikel durch die Brownsche Molekularbewegung mit den Filterfasern in Ber\u00fchrung kommen, ist dementsprechend gro\u03b2. Die verschiedenen Filtereffekte lassen sich grafisch darstellen, wodurch auch illustriert werden kann, bei welchen Partikelgr\u00f6\u03b2en die einzelnen Filtrationsprinzipien am wirksamsten sind.<\/p>\n<p><a href=\"https:\/\/www.afprofilters.de\/kontakt\/\">Kontakt<\/a><\/p>\n","protected":false},"excerpt":{"rendered":"<p>Es gibt zwei Arten von Luftfiltern:\u00a0f\u00fcr\u00a0gasf\u00f6rmige Partikel und f\u00fcr feste Partikel.\u00a0Beide Filter dienen dem gleichen Zweck, und zwar der Reduzierung der Partikelkonzentration in der Luft.Gasf\u00f6rmige Partikel k\u00f6nnen durch Adsorption gefiltert werden. Adsorption wird durch die so genannte London-Dispersionskraft, einer intermolekularen Art\u00a0der Van-der Waals-Kraft, hervorgerufen. Diese Kr\u00e4fte haben \u00e4hnliche Eigenschaften wie die Gravitationskr\u00e4fte zwischen Planeten.\u00a0Aktivkohlefilter\u00a0sind\u00a0in der [&hellip;]<\/p>\n","protected":false},"author":2,"featured_media":0,"parent":1303,"menu_order":0,"comment_status":"closed","ping_status":"closed","template":"","meta":{"_acf_changed":false,"footnotes":""},"class_list":["post-1080","page","type-page","status-publish","hentry"],"acf":[],"yoast_head":"<!-- This site is optimized with the Yoast SEO plugin v27.3 - https:\/\/yoast.com\/product\/yoast-seo-wordpress\/ -->\n<title>Die Prinzipien der Luftfiltration - AFPRO<\/title>\n<meta name=\"robots\" content=\"index, follow, max-snippet:-1, max-image-preview:large, max-video-preview:-1\" \/>\n<link rel=\"canonical\" href=\"https:\/\/www.afprofilters.com\/de\/expertise\/die-prinzipien-der-luftfiltration\/\" \/>\n<meta property=\"og:locale\" content=\"de_DE\" \/>\n<meta property=\"og:type\" content=\"article\" \/>\n<meta property=\"og:title\" content=\"Die Prinzipien der Luftfiltration - AFPRO\" \/>\n<meta property=\"og:description\" content=\"Es gibt zwei Arten von Luftfiltern:\u00a0f\u00fcr\u00a0gasf\u00f6rmige Partikel und f\u00fcr feste Partikel.\u00a0Beide Filter dienen dem gleichen Zweck, und zwar der Reduzierung der Partikelkonzentration in der Luft.Gasf\u00f6rmige Partikel k\u00f6nnen durch Adsorption gefiltert werden. Adsorption wird durch die so genannte London-Dispersionskraft, einer intermolekularen Art\u00a0der Van-der Waals-Kraft, hervorgerufen. Diese Kr\u00e4fte haben \u00e4hnliche Eigenschaften wie die Gravitationskr\u00e4fte zwischen Planeten.\u00a0Aktivkohlefilter\u00a0sind\u00a0in der [&hellip;]\" \/>\n<meta property=\"og:url\" content=\"https:\/\/www.afprofilters.com\/de\/expertise\/die-prinzipien-der-luftfiltration\/\" \/>\n<meta property=\"og:site_name\" content=\"AFPRO\" \/>\n<meta property=\"article:modified_time\" content=\"2022-07-26T14:28:06+00:00\" \/>\n<meta property=\"og:image\" content=\"http:\/\/www.afprofilters.com\/wp-content\/uploads\/2022\/07\/Partikeldurchmesser.jpg\" \/>\n<meta name=\"twitter:card\" content=\"summary_large_image\" \/>\n<meta name=\"twitter:label1\" content=\"Gesch\u00e4tzte Lesezeit\" \/>\n\t<meta name=\"twitter:data1\" content=\"2 Minuten\" \/>\n<script type=\"application\/ld+json\" class=\"yoast-schema-graph\">{\"@context\":\"https:\\\/\\\/schema.org\",\"@graph\":[{\"@type\":\"WebPage\",\"@id\":\"https:\\\/\\\/www.afprofilters.com\\\/de\\\/expertise\\\/die-prinzipien-der-luftfiltration\\\/\",\"url\":\"https:\\\/\\\/www.afprofilters.com\\\/de\\\/expertise\\\/die-prinzipien-der-luftfiltration\\\/\",\"name\":\"Die Prinzipien der Luftfiltration - AFPRO\",\"isPartOf\":{\"@id\":\"https:\\\/\\\/www.afprofilters.com\\\/de\\\/#website\"},\"primaryImageOfPage\":{\"@id\":\"https:\\\/\\\/www.afprofilters.com\\\/de\\\/expertise\\\/die-prinzipien-der-luftfiltration\\\/#primaryimage\"},\"image\":{\"@id\":\"https:\\\/\\\/www.afprofilters.com\\\/de\\\/expertise\\\/die-prinzipien-der-luftfiltration\\\/#primaryimage\"},\"thumbnailUrl\":\"http:\\\/\\\/www.afprofilters.com\\\/wp-content\\\/uploads\\\/2022\\\/07\\\/Partikeldurchmesser.jpg\",\"datePublished\":\"2016-09-06T12:32:23+00:00\",\"dateModified\":\"2022-07-26T14:28:06+00:00\",\"breadcrumb\":{\"@id\":\"https:\\\/\\\/www.afprofilters.com\\\/de\\\/expertise\\\/die-prinzipien-der-luftfiltration\\\/#breadcrumb\"},\"inLanguage\":\"de-DE\",\"potentialAction\":[{\"@type\":\"ReadAction\",\"target\":[\"https:\\\/\\\/www.afprofilters.com\\\/de\\\/expertise\\\/die-prinzipien-der-luftfiltration\\\/\"]}]},{\"@type\":\"ImageObject\",\"inLanguage\":\"de-DE\",\"@id\":\"https:\\\/\\\/www.afprofilters.com\\\/de\\\/expertise\\\/die-prinzipien-der-luftfiltration\\\/#primaryimage\",\"url\":\"http:\\\/\\\/www.afprofilters.com\\\/wp-content\\\/uploads\\\/2022\\\/07\\\/Partikeldurchmesser.jpg\",\"contentUrl\":\"http:\\\/\\\/www.afprofilters.com\\\/wp-content\\\/uploads\\\/2022\\\/07\\\/Partikeldurchmesser.jpg\"},{\"@type\":\"BreadcrumbList\",\"@id\":\"https:\\\/\\\/www.afprofilters.com\\\/de\\\/expertise\\\/die-prinzipien-der-luftfiltration\\\/#breadcrumb\",\"itemListElement\":[{\"@type\":\"ListItem\",\"position\":1,\"name\":\"\",\"item\":\"https:\\\/\\\/www.afprofilters.com\\\/de\\\/\"},{\"@type\":\"ListItem\",\"position\":2,\"name\":\"Expertise\",\"item\":\"https:\\\/\\\/www.afprofilters.com\\\/de\\\/expertise\\\/\"},{\"@type\":\"ListItem\",\"position\":3,\"name\":\"Die Prinzipien der Luftfiltration\"}]},{\"@type\":\"WebSite\",\"@id\":\"https:\\\/\\\/www.afprofilters.com\\\/de\\\/#website\",\"url\":\"https:\\\/\\\/www.afprofilters.com\\\/de\\\/\",\"name\":\"AFPRO\",\"description\":\"AFPRO Filters\",\"publisher\":{\"@id\":\"https:\\\/\\\/www.afprofilters.com\\\/de\\\/#organization\"},\"potentialAction\":[{\"@type\":\"SearchAction\",\"target\":{\"@type\":\"EntryPoint\",\"urlTemplate\":\"https:\\\/\\\/www.afprofilters.com\\\/de\\\/?s={search_term_string}\"},\"query-input\":{\"@type\":\"PropertyValueSpecification\",\"valueRequired\":true,\"valueName\":\"search_term_string\"}}],\"inLanguage\":\"de-DE\"},{\"@type\":\"Organization\",\"@id\":\"https:\\\/\\\/www.afprofilters.com\\\/de\\\/#organization\",\"name\":\"AFPRO\",\"url\":\"https:\\\/\\\/www.afprofilters.com\\\/de\\\/\",\"logo\":{\"@type\":\"ImageObject\",\"inLanguage\":\"de-DE\",\"@id\":\"https:\\\/\\\/www.afprofilters.com\\\/de\\\/#\\\/schema\\\/logo\\\/image\\\/\",\"url\":\"https:\\\/\\\/www.afprofilters.com\\\/wp-content\\\/uploads\\\/2021\\\/05\\\/AFPRO-logo.png\",\"contentUrl\":\"https:\\\/\\\/www.afprofilters.com\\\/wp-content\\\/uploads\\\/2021\\\/05\\\/AFPRO-logo.png\",\"width\":640,\"height\":177,\"caption\":\"AFPRO\"},\"image\":{\"@id\":\"https:\\\/\\\/www.afprofilters.com\\\/de\\\/#\\\/schema\\\/logo\\\/image\\\/\"}}]}<\/script>\n<!-- \/ Yoast SEO plugin. -->","yoast_head_json":{"title":"Die Prinzipien der Luftfiltration - AFPRO","robots":{"index":"index","follow":"follow","max-snippet":"max-snippet:-1","max-image-preview":"max-image-preview:large","max-video-preview":"max-video-preview:-1"},"canonical":"https:\/\/www.afprofilters.com\/de\/expertise\/die-prinzipien-der-luftfiltration\/","og_locale":"de_DE","og_type":"article","og_title":"Die Prinzipien der Luftfiltration - AFPRO","og_description":"Es gibt zwei Arten von Luftfiltern:\u00a0f\u00fcr\u00a0gasf\u00f6rmige Partikel und f\u00fcr feste Partikel.\u00a0Beide Filter dienen dem gleichen Zweck, und zwar der Reduzierung der Partikelkonzentration in der Luft.Gasf\u00f6rmige Partikel k\u00f6nnen durch Adsorption gefiltert werden. Adsorption wird durch die so genannte London-Dispersionskraft, einer intermolekularen Art\u00a0der Van-der Waals-Kraft, hervorgerufen. Diese Kr\u00e4fte haben \u00e4hnliche Eigenschaften wie die Gravitationskr\u00e4fte zwischen Planeten.\u00a0Aktivkohlefilter\u00a0sind\u00a0in der [&hellip;]","og_url":"https:\/\/www.afprofilters.com\/de\/expertise\/die-prinzipien-der-luftfiltration\/","og_site_name":"AFPRO","article_modified_time":"2022-07-26T14:28:06+00:00","og_image":[{"url":"http:\/\/www.afprofilters.com\/wp-content\/uploads\/2022\/07\/Partikeldurchmesser.jpg","type":"","width":"","height":""}],"twitter_card":"summary_large_image","twitter_misc":{"Gesch\u00e4tzte Lesezeit":"2 Minuten"},"schema":{"@context":"https:\/\/schema.org","@graph":[{"@type":"WebPage","@id":"https:\/\/www.afprofilters.com\/de\/expertise\/die-prinzipien-der-luftfiltration\/","url":"https:\/\/www.afprofilters.com\/de\/expertise\/die-prinzipien-der-luftfiltration\/","name":"Die Prinzipien der Luftfiltration - AFPRO","isPartOf":{"@id":"https:\/\/www.afprofilters.com\/de\/#website"},"primaryImageOfPage":{"@id":"https:\/\/www.afprofilters.com\/de\/expertise\/die-prinzipien-der-luftfiltration\/#primaryimage"},"image":{"@id":"https:\/\/www.afprofilters.com\/de\/expertise\/die-prinzipien-der-luftfiltration\/#primaryimage"},"thumbnailUrl":"http:\/\/www.afprofilters.com\/wp-content\/uploads\/2022\/07\/Partikeldurchmesser.jpg","datePublished":"2016-09-06T12:32:23+00:00","dateModified":"2022-07-26T14:28:06+00:00","breadcrumb":{"@id":"https:\/\/www.afprofilters.com\/de\/expertise\/die-prinzipien-der-luftfiltration\/#breadcrumb"},"inLanguage":"de-DE","potentialAction":[{"@type":"ReadAction","target":["https:\/\/www.afprofilters.com\/de\/expertise\/die-prinzipien-der-luftfiltration\/"]}]},{"@type":"ImageObject","inLanguage":"de-DE","@id":"https:\/\/www.afprofilters.com\/de\/expertise\/die-prinzipien-der-luftfiltration\/#primaryimage","url":"http:\/\/www.afprofilters.com\/wp-content\/uploads\/2022\/07\/Partikeldurchmesser.jpg","contentUrl":"http:\/\/www.afprofilters.com\/wp-content\/uploads\/2022\/07\/Partikeldurchmesser.jpg"},{"@type":"BreadcrumbList","@id":"https:\/\/www.afprofilters.com\/de\/expertise\/die-prinzipien-der-luftfiltration\/#breadcrumb","itemListElement":[{"@type":"ListItem","position":1,"name":"","item":"https:\/\/www.afprofilters.com\/de\/"},{"@type":"ListItem","position":2,"name":"Expertise","item":"https:\/\/www.afprofilters.com\/de\/expertise\/"},{"@type":"ListItem","position":3,"name":"Die Prinzipien der Luftfiltration"}]},{"@type":"WebSite","@id":"https:\/\/www.afprofilters.com\/de\/#website","url":"https:\/\/www.afprofilters.com\/de\/","name":"AFPRO","description":"AFPRO Filters","publisher":{"@id":"https:\/\/www.afprofilters.com\/de\/#organization"},"potentialAction":[{"@type":"SearchAction","target":{"@type":"EntryPoint","urlTemplate":"https:\/\/www.afprofilters.com\/de\/?s={search_term_string}"},"query-input":{"@type":"PropertyValueSpecification","valueRequired":true,"valueName":"search_term_string"}}],"inLanguage":"de-DE"},{"@type":"Organization","@id":"https:\/\/www.afprofilters.com\/de\/#organization","name":"AFPRO","url":"https:\/\/www.afprofilters.com\/de\/","logo":{"@type":"ImageObject","inLanguage":"de-DE","@id":"https:\/\/www.afprofilters.com\/de\/#\/schema\/logo\/image\/","url":"https:\/\/www.afprofilters.com\/wp-content\/uploads\/2021\/05\/AFPRO-logo.png","contentUrl":"https:\/\/www.afprofilters.com\/wp-content\/uploads\/2021\/05\/AFPRO-logo.png","width":640,"height":177,"caption":"AFPRO"},"image":{"@id":"https:\/\/www.afprofilters.com\/de\/#\/schema\/logo\/image\/"}}]}},"_links":{"self":[{"href":"https:\/\/www.afprofilters.com\/de\/wp-json\/wp\/v2\/pages\/1080","targetHints":{"allow":["GET"]}}],"collection":[{"href":"https:\/\/www.afprofilters.com\/de\/wp-json\/wp\/v2\/pages"}],"about":[{"href":"https:\/\/www.afprofilters.com\/de\/wp-json\/wp\/v2\/types\/page"}],"author":[{"embeddable":true,"href":"https:\/\/www.afprofilters.com\/de\/wp-json\/wp\/v2\/users\/2"}],"replies":[{"embeddable":true,"href":"https:\/\/www.afprofilters.com\/de\/wp-json\/wp\/v2\/comments?post=1080"}],"version-history":[{"count":0,"href":"https:\/\/www.afprofilters.com\/de\/wp-json\/wp\/v2\/pages\/1080\/revisions"}],"up":[{"embeddable":true,"href":"https:\/\/www.afprofilters.com\/de\/wp-json\/wp\/v2\/pages\/1303"}],"wp:attachment":[{"href":"https:\/\/www.afprofilters.com\/de\/wp-json\/wp\/v2\/media?parent=1080"}],"curies":[{"name":"wp","href":"https:\/\/api.w.org\/{rel}","templated":true}]}}